{"id":4799,"date":"2025-01-08T13:05:01","date_gmt":"2025-01-08T13:05:01","guid":{"rendered":"https:\/\/dev.horlewire.com\/vyrobky\/plattvalsad-trad\/"},"modified":"2025-02-27T13:48:51","modified_gmt":"2025-02-27T13:48:51","slug":"plochy-drota","status":"publish","type":"page","link":"https:\/\/dev.horlewire.com\/sk\/produkty\/plochy-drota\/","title":{"rendered":"Ploch\u00fd dr\u00f4ta"},"content":{"rendered":"<p><strong>Balenie<\/strong><br \/>\nCievka<\/p>\n<p><strong>V\u00e1ha balenia<\/strong><br \/>\nHr\u00fabka: Min 1,50 mm \u2013 max 9,00 mm<br \/>\n\u0160\u00edrka: Min 5,00 mm \u2013 max 35,00 mm<\/p>\n<p><strong>V\u00e1ha balenia<\/strong><br \/>\n200 \u2013 3 000 kg<\/p>\n<p><strong>Povrchov\u00e1 \u00faprava<\/strong><br \/>\nTvrd\u00fd \u2013 valcovan\u00fd za studena, \u017e\u00edhan\u00e9, Zn<\/p>\n<p><strong>Osobitosti<\/strong><br \/>\n4 a 6-hrann\u00e9 profily, D profily<\/p>\n<p><strong>Hrany<\/strong><br \/>\nRovn\u00e9, polkruhov\u00e9<\/p>\n<p><strong>Technick\u00e9 dodacie podmienky<\/strong><br \/>\nEN 10139, EN 10021, EN 10244-2, EN 10152<\/p>\n","protected":false},"excerpt":{"rendered":"<p>Balenie Cievka V\u00e1ha balenia Hr\u00fabka: Min 1,50 mm \u2013 max 9,00 mm \u0160\u00edrka: Min 5,00 mm \u2013 max 35,00 mm V\u00e1ha balenia 200 \u2013 3 000 kg Povrchov\u00e1 \u00faprava Tvrd\u00fd \u2013 valcovan\u00fd za studena, \u017e\u00edhan\u00e9, Zn Osobitosti 4 a 6-hrann\u00e9 profily, D profily Hrany Rovn\u00e9, polkruhov\u00e9 Technick\u00e9 dodacie podmienky EN 10139, EN 10021, EN 10244-2, &#8230;<\/p>\n","protected":false},"author":3,"featured_media":4119,"parent":4731,"menu_order":0,"comment_status":"closed","ping_status":"closed","template":"","meta":{"_acf_changed":false,"footnotes":""},"class_list":["post-4799","page","type-page","status-publish","has-post-thumbnail","hentry"],"acf":[],"yoast_head":"<!-- This site is optimized with the Yoast SEO plugin v25.0 - https:\/\/yoast.com\/wordpress\/plugins\/seo\/ -->\n<title>Ploch\u00fd dr\u00f4ta - H\u00f6rle Wire<\/title>\n<meta name=\"robots\" content=\"index, follow, max-snippet:-1, max-image-preview:large, max-video-preview:-1\" \/>\n<link rel=\"canonical\" href=\"https:\/\/dev.horlewire.com\/sk\/produkty\/plochy-drota\/\" \/>\n<meta property=\"og:locale\" content=\"sk_SK\" \/>\n<meta property=\"og:type\" content=\"article\" \/>\n<meta property=\"og:title\" content=\"Ploch\u00fd dr\u00f4ta - H\u00f6rle Wire\" \/>\n<meta property=\"og:description\" content=\"Balenie Cievka V\u00e1ha balenia Hr\u00fabka: Min 1,50 mm \u2013 max 9,00 mm \u0160\u00edrka: Min 5,00 mm \u2013 max 35,00 mm V\u00e1ha balenia 200 \u2013 3 000 kg Povrchov\u00e1 \u00faprava Tvrd\u00fd \u2013 valcovan\u00fd za studena, \u017e\u00edhan\u00e9, Zn Osobitosti 4 a 6-hrann\u00e9 profily, D profily Hrany Rovn\u00e9, polkruhov\u00e9 Technick\u00e9 dodacie podmienky EN 10139, EN 10021, EN 10244-2, ...\" \/>\n<meta property=\"og:url\" content=\"https:\/\/dev.horlewire.com\/sk\/produkty\/plochy-drota\/\" \/>\n<meta property=\"og:site_name\" content=\"H\u00f6rle Wire\" \/>\n<meta property=\"article:modified_time\" content=\"2025-02-27T13:48:51+00:00\" \/>\n<meta property=\"og:image\" content=\"https:\/\/dev.horlewire.com\/wp-content\/uploads\/2025\/01\/plattvalsad-trad.jpg\" \/>\n\t<meta property=\"og:image:width\" content=\"1200\" \/>\n\t<meta property=\"og:image:height\" content=\"978\" \/>\n\t<meta property=\"og:image:type\" content=\"image\/jpeg\" \/>\n<meta name=\"twitter:card\" content=\"summary_large_image\" \/>\n<meta name=\"twitter:label1\" content=\"Predpokladan\u00fd \u010das \u010d\u00edtania\" \/>\n\t<meta name=\"twitter:data1\" content=\"1 min\u00fata\" \/>\n<script type=\"application\/ld+json\" class=\"yoast-schema-graph\">{\"@context\":\"https:\/\/schema.org\",\"@graph\":[{\"@type\":\"WebPage\",\"@id\":\"https:\/\/dev.horlewire.com\/sk\/produkty\/plochy-drota\/\",\"url\":\"https:\/\/dev.horlewire.com\/sk\/produkty\/plochy-drota\/\",\"name\":\"Ploch\u00fd dr\u00f4ta - H\u00f6rle Wire\",\"isPartOf\":{\"@id\":\"https:\/\/dev.horlewire.com\/en\/#website\"},\"primaryImageOfPage\":{\"@id\":\"https:\/\/dev.horlewire.com\/sk\/produkty\/plochy-drota\/#primaryimage\"},\"image\":{\"@id\":\"https:\/\/dev.horlewire.com\/sk\/produkty\/plochy-drota\/#primaryimage\"},\"thumbnailUrl\":\"https:\/\/dev.horlewire.com\/wp-content\/uploads\/2025\/01\/plattvalsad-trad.jpg\",\"datePublished\":\"2025-01-08T13:05:01+00:00\",\"dateModified\":\"2025-02-27T13:48:51+00:00\",\"breadcrumb\":{\"@id\":\"https:\/\/dev.horlewire.com\/sk\/produkty\/plochy-drota\/#breadcrumb\"},\"inLanguage\":\"sk-SK\",\"potentialAction\":[{\"@type\":\"ReadAction\",\"target\":[\"https:\/\/dev.horlewire.com\/sk\/produkty\/plochy-drota\/\"]}]},{\"@type\":\"ImageObject\",\"inLanguage\":\"sk-SK\",\"@id\":\"https:\/\/dev.horlewire.com\/sk\/produkty\/plochy-drota\/#primaryimage\",\"url\":\"https:\/\/dev.horlewire.com\/wp-content\/uploads\/2025\/01\/plattvalsad-trad.jpg\",\"contentUrl\":\"https:\/\/dev.horlewire.com\/wp-content\/uploads\/2025\/01\/plattvalsad-trad.jpg\",\"width\":1200,\"height\":978},{\"@type\":\"BreadcrumbList\",\"@id\":\"https:\/\/dev.horlewire.com\/sk\/produkty\/plochy-drota\/#breadcrumb\",\"itemListElement\":[{\"@type\":\"ListItem\",\"position\":1,\"name\":\"Hem\",\"item\":\"https:\/\/dev.horlewire.com\/sk\/\"},{\"@type\":\"ListItem\",\"position\":2,\"name\":\"Produkty\",\"item\":\"https:\/\/dev.horlewire.com\/sk\/produkty\/\"},{\"@type\":\"ListItem\",\"position\":3,\"name\":\"Ploch\u00fd dr\u00f4ta\"}]},{\"@type\":\"WebSite\",\"@id\":\"https:\/\/dev.horlewire.com\/en\/#website\",\"url\":\"https:\/\/dev.horlewire.com\/en\/\",\"name\":\"H\u00f6rle Wire\",\"description\":\"Welcome to H\u00f6rle Wire Group\",\"potentialAction\":[{\"@type\":\"SearchAction\",\"target\":{\"@type\":\"EntryPoint\",\"urlTemplate\":\"https:\/\/dev.horlewire.com\/en\/?s={search_term_string}\"},\"query-input\":{\"@type\":\"PropertyValueSpecification\",\"valueRequired\":true,\"valueName\":\"search_term_string\"}}],\"inLanguage\":\"sk-SK\"}]}<\/script>\n<!-- \/ Yoast SEO plugin. -->","yoast_head_json":{"title":"Ploch\u00fd dr\u00f4ta - H\u00f6rle Wire","robots":{"index":"index","follow":"follow","max-snippet":"max-snippet:-1","max-image-preview":"max-image-preview:large","max-video-preview":"max-video-preview:-1"},"canonical":"https:\/\/dev.horlewire.com\/sk\/produkty\/plochy-drota\/","og_locale":"sk_SK","og_type":"article","og_title":"Ploch\u00fd dr\u00f4ta - H\u00f6rle Wire","og_description":"Balenie Cievka V\u00e1ha balenia Hr\u00fabka: Min 1,50 mm \u2013 max 9,00 mm \u0160\u00edrka: Min 5,00 mm \u2013 max 35,00 mm V\u00e1ha balenia 200 \u2013 3 000 kg Povrchov\u00e1 \u00faprava Tvrd\u00fd \u2013 valcovan\u00fd za studena, \u017e\u00edhan\u00e9, Zn Osobitosti 4 a 6-hrann\u00e9 profily, D profily Hrany Rovn\u00e9, polkruhov\u00e9 Technick\u00e9 dodacie podmienky EN 10139, EN 10021, EN 10244-2, ...","og_url":"https:\/\/dev.horlewire.com\/sk\/produkty\/plochy-drota\/","og_site_name":"H\u00f6rle Wire","article_modified_time":"2025-02-27T13:48:51+00:00","og_image":[{"width":1200,"height":978,"url":"https:\/\/dev.horlewire.com\/wp-content\/uploads\/2025\/01\/plattvalsad-trad.jpg","type":"image\/jpeg"}],"twitter_card":"summary_large_image","twitter_misc":{"Predpokladan\u00fd \u010das \u010d\u00edtania":"1 min\u00fata"},"schema":{"@context":"https:\/\/schema.org","@graph":[{"@type":"WebPage","@id":"https:\/\/dev.horlewire.com\/sk\/produkty\/plochy-drota\/","url":"https:\/\/dev.horlewire.com\/sk\/produkty\/plochy-drota\/","name":"Ploch\u00fd dr\u00f4ta - H\u00f6rle Wire","isPartOf":{"@id":"https:\/\/dev.horlewire.com\/en\/#website"},"primaryImageOfPage":{"@id":"https:\/\/dev.horlewire.com\/sk\/produkty\/plochy-drota\/#primaryimage"},"image":{"@id":"https:\/\/dev.horlewire.com\/sk\/produkty\/plochy-drota\/#primaryimage"},"thumbnailUrl":"https:\/\/dev.horlewire.com\/wp-content\/uploads\/2025\/01\/plattvalsad-trad.jpg","datePublished":"2025-01-08T13:05:01+00:00","dateModified":"2025-02-27T13:48:51+00:00","breadcrumb":{"@id":"https:\/\/dev.horlewire.com\/sk\/produkty\/plochy-drota\/#breadcrumb"},"inLanguage":"sk-SK","potentialAction":[{"@type":"ReadAction","target":["https:\/\/dev.horlewire.com\/sk\/produkty\/plochy-drota\/"]}]},{"@type":"ImageObject","inLanguage":"sk-SK","@id":"https:\/\/dev.horlewire.com\/sk\/produkty\/plochy-drota\/#primaryimage","url":"https:\/\/dev.horlewire.com\/wp-content\/uploads\/2025\/01\/plattvalsad-trad.jpg","contentUrl":"https:\/\/dev.horlewire.com\/wp-content\/uploads\/2025\/01\/plattvalsad-trad.jpg","width":1200,"height":978},{"@type":"BreadcrumbList","@id":"https:\/\/dev.horlewire.com\/sk\/produkty\/plochy-drota\/#breadcrumb","itemListElement":[{"@type":"ListItem","position":1,"name":"Hem","item":"https:\/\/dev.horlewire.com\/sk\/"},{"@type":"ListItem","position":2,"name":"Produkty","item":"https:\/\/dev.horlewire.com\/sk\/produkty\/"},{"@type":"ListItem","position":3,"name":"Ploch\u00fd dr\u00f4ta"}]},{"@type":"WebSite","@id":"https:\/\/dev.horlewire.com\/en\/#website","url":"https:\/\/dev.horlewire.com\/en\/","name":"H\u00f6rle Wire","description":"Welcome to H\u00f6rle Wire Group","potentialAction":[{"@type":"SearchAction","target":{"@type":"EntryPoint","urlTemplate":"https:\/\/dev.horlewire.com\/en\/?s={search_term_string}"},"query-input":{"@type":"PropertyValueSpecification","valueRequired":true,"valueName":"search_term_string"}}],"inLanguage":"sk-SK"}]}},"_links":{"self":[{"href":"https:\/\/dev.horlewire.com\/sk\/wp-json\/wp\/v2\/pages\/4799","targetHints":{"allow":["GET"]}}],"collection":[{"href":"https:\/\/dev.horlewire.com\/sk\/wp-json\/wp\/v2\/pages"}],"about":[{"href":"https:\/\/dev.horlewire.com\/sk\/wp-json\/wp\/v2\/types\/page"}],"author":[{"embeddable":true,"href":"https:\/\/dev.horlewire.com\/sk\/wp-json\/wp\/v2\/users\/3"}],"replies":[{"embeddable":true,"href":"https:\/\/dev.horlewire.com\/sk\/wp-json\/wp\/v2\/comments?post=4799"}],"version-history":[{"count":7,"href":"https:\/\/dev.horlewire.com\/sk\/wp-json\/wp\/v2\/pages\/4799\/revisions"}],"predecessor-version":[{"id":6094,"href":"https:\/\/dev.horlewire.com\/sk\/wp-json\/wp\/v2\/pages\/4799\/revisions\/6094"}],"up":[{"embeddable":true,"href":"https:\/\/dev.horlewire.com\/sk\/wp-json\/wp\/v2\/pages\/4731"}],"wp:featuredmedia":[{"embeddable":true,"href":"https:\/\/dev.horlewire.com\/sk\/wp-json\/wp\/v2\/media\/4119"}],"wp:attachment":[{"href":"https:\/\/dev.horlewire.com\/sk\/wp-json\/wp\/v2\/media?parent=4799"}],"curies":[{"name":"wp","href":"https:\/\/api.w.org\/{rel}","templated":true}]}}