{"id":4530,"date":"2025-01-09T08:02:35","date_gmt":"2025-01-09T08:02:35","guid":{"rendered":"https:\/\/dev.horlewire.com\/kvalita-zivotne-prostredie\/certifikat\/"},"modified":"2025-02-17T13:25:37","modified_gmt":"2025-02-17T13:25:37","slug":"certifikat","status":"publish","type":"page","link":"https:\/\/dev.horlewire.com\/sk\/kvalita-zivotne-prostredie\/certifikat\/","title":{"rendered":"Certifikat"},"content":{"rendered":"\n<style type=\"text\/css\" data-created_by=\"avia_inline_auto\" id=\"style-css-av-m5gk1uz0-dc11f47131dacb21ec27e4d375718135\">\n.avia-section.av-m5gk1uz0-dc11f47131dacb21ec27e4d375718135{\nbackground-repeat:no-repeat;\nbackground-image:url(https:\/\/dev.horlewire.com\/wp-content\/uploads\/2024\/12\/vad-vi-gor-top.jpg);\nbackground-position:50% 50%;\nbackground-attachment:scroll;\n}\n<\/style>\n<div id='av_section_1'  class='avia-section av-m5gk1uz0-dc11f47131dacb21ec27e4d375718135 main_color avia-section-default avia-no-border-styling  avia-builder-el-0  el_before_av_section  avia-builder-el-first  hw-top-container hw-container avia-full-stretch avia-bg-style-scroll av-minimum-height av-minimum-height-custom  container_wrap fullsize'  data-section-bg-repeat='stretch' data-av_minimum_height_px='433'><div class='container av-section-cont-open' style='height:433px'><main  role=\"main\" itemprop=\"mainContentOfPage\"  class='template-page content  av-content-full alpha units'><div class='post-entry post-entry-type-page post-entry-4530'><div class='entry-content-wrapper clearfix'>\n<\/div><\/div><\/main><!-- close content main element --><\/div><\/div><div id='av_section_2'  class='avia-section av-m5gjwvez-e75581c9d49be1eee24a1fc066781b1f main_color avia-section-default avia-no-border-styling  avia-builder-el-1  el_after_av_section  el_before_av_section  hw-container avia-bg-style-scroll container_wrap fullsize'  ><div class='container av-section-cont-open' ><div class='template-page content  av-content-full alpha units'><div class='post-entry post-entry-type-page post-entry-4530'><div class='entry-content-wrapper clearfix'>\n<div class='flex_column av-3qju2r-eee813fcc9e5b1cafbcc87ed35c02944 av_one_half  avia-builder-el-2  avia-builder-el-no-sibling  max-w-800 first flex_column_div '     ><section  class='av_textblock_section av-m5gjy19w-b1c7c84611f7286152f6a75a3da0afe3'  itemscope=\"itemscope\" itemtype=\"https:\/\/schema.org\/CreativeWork\" ><div class='avia_textblock pink-long-line-left'  itemprop=\"text\" ><h1>Samozrejme m\u00e1me ISO certifik\u00e1ciu!<\/h1>\n<p>Ni\u017e\u0161ie si m\u00f4\u017eete pozrie\u0165 v\u0161etky na\u0161e certifik\u00e1cie a stiahnu\u0165 si certifik\u00e1ty.<\/p>\n<\/div><\/section><\/div><\/div><\/div><\/div><!-- close content main div --><\/div><\/div><div id='av_section_3'  class='avia-section av-2quwcz-7d6c432aad6d261419fb53723275e3e7 main_color avia-section-default avia-no-border-styling  avia-builder-el-4  el_after_av_section  avia-builder-el-last  last-section hw-container avia-bg-style-scroll container_wrap fullsize'  ><div class='container av-section-cont-open' ><div class='template-page content  av-content-full alpha units'><div class='post-entry post-entry-type-page post-entry-4530'><div class='entry-content-wrapper clearfix'>\n<section  class='av_textblock_section av-m5gk0bf6-0c88d61bb2df4393fffb9245836ae6a5'  itemscope=\"itemscope\" itemtype=\"https:\/\/schema.org\/CreativeWork\" ><div class='avia_textblock'  itemprop=\"text\" ><div id=\"certificate-container\">\n\t\t\t<div class=\"single-certificate\">\n\t\t\t<a class=\"pdf\" href=\"https:\/\/dev.horlewire.com\/wp-content\/uploads\/2025\/03\/2408-Horle-Wire-AB-sv.pdf\">\n\t\t\t\t<div class=\"pdf-img-container\">\n\t\t\t\t\t<img decoding=\"async\" src=\"https:\/\/dev.horlewire.com\/wp-content\/uploads\/2025\/03\/2408-Horle-Wire-AB-sv-web.jpg\" alt=\"\">\n\t\t\t\t<\/div>\n\t\t\t\t<strong>Stiahnu\u0165<br>ISO 9001 - 14001 (SE) >><\/strong>\n\t\t\t<\/a>\n\t\t<\/div>\n\t\t\t<div class=\"single-certificate\">\n\t\t\t<a class=\"pdf\" href=\"https:\/\/dev.horlewire.com\/wp-content\/uploads\/2025\/03\/2408-Horle-Wire-AB-en.pdf\">\n\t\t\t\t<div class=\"pdf-img-container\">\n\t\t\t\t\t<img decoding=\"async\" src=\"https:\/\/dev.horlewire.com\/wp-content\/uploads\/2025\/03\/2408-Horle-Wire-AB-en-web.jpg\" alt=\"\">\n\t\t\t\t<\/div>\n\t\t\t\t<strong>Stiahnu\u0165<br>ISO 9001 - 14001 (EN) >><\/strong>\n\t\t\t<\/a>\n\t\t<\/div>\n\t\t\t<div class=\"single-certificate\">\n\t\t\t<a class=\"pdf\" href=\"https:\/\/dev.horlewire.com\/wp-content\/uploads\/2022\/04\/Certifikat_QMS_Horle-Wire_sjaj.pdf\">\n\t\t\t\t<div class=\"pdf-img-container\">\n\t\t\t\t\t<img decoding=\"async\" src=\"https:\/\/dev.horlewire.com\/wp-content\/uploads\/2025\/01\/iso-hw-sk.jpg\" alt=\"\">\n\t\t\t\t<\/div>\n\t\t\t\t<strong>Stiahnu\u0165<br>ISO 9001 (SK) >><\/strong>\n\t\t\t<\/a>\n\t\t<\/div>\n\t\t\t<div class=\"single-certificate\">\n\t\t\t<a class=\"pdf\" href=\"https:\/\/dev.horlewire.com\/wp-content\/uploads\/2022\/04\/Certifikat_EMS_Horle-Wire_sjaj.pdf\">\n\t\t\t\t<div class=\"pdf-img-container\">\n\t\t\t\t\t<img decoding=\"async\" src=\"https:\/\/dev.horlewire.com\/wp-content\/uploads\/2025\/01\/iso-hw-14-sk.jpg\" alt=\"\">\n\t\t\t\t<\/div>\n\t\t\t\t<strong>Stiahnu\u0165<br>ISO 14001 (SK) >><\/strong>\n\t\t\t<\/a>\n\t\t<\/div>\n\t\t\t<div class=\"single-certificate\">\n\t\t\t<a class=\"pdf\" href=\"https:\/\/dev.horlewire.com\/wp-content\/uploads\/2022\/08\/1600326-407-DE-Zert.pdf\">\n\t\t\t\t<div class=\"pdf-img-container\">\n\t\t\t\t\t<img decoding=\"async\" src=\"https:\/\/dev.horlewire.com\/wp-content\/uploads\/2025\/01\/iso-hw-50001-de.jpg\" alt=\"\">\n\t\t\t\t<\/div>\n\t\t\t\t<strong>Stiahnu\u0165<br>ISO 50001:2018 (DE) >><\/strong>\n\t\t\t<\/a>\n\t\t<\/div>\n\t\t\t<div class=\"single-certificate\">\n\t\t\t<a class=\"pdf\" href=\"https:\/\/dev.horlewire.com\/wp-content\/uploads\/2024\/08\/1600326_100_Zert_DE.pdf\">\n\t\t\t\t<div class=\"pdf-img-container\">\n\t\t\t\t\t<img decoding=\"async\" src=\"https:\/\/dev.horlewire.com\/wp-content\/uploads\/2025\/01\/iso-hw-9001-de.jpg\" alt=\"\">\n\t\t\t\t<\/div>\n\t\t\t\t<strong>Stiahnu\u0165<br>ISO 9001:2015 (DE) >><\/strong>\n\t\t\t<\/a>\n\t\t<\/div>\n\t\t\t<div class=\"single-certificate\">\n\t\t\t<a class=\"pdf\" href=\"https:\/\/dev.horlewire.com\/wp-content\/uploads\/2024\/08\/1600326_104_Zert_DE.pdf\">\n\t\t\t\t<div class=\"pdf-img-container\">\n\t\t\t\t\t<img decoding=\"async\" src=\"https:\/\/dev.horlewire.com\/wp-content\/uploads\/2025\/01\/iso-hw-14001-de.jpg\" alt=\"\">\n\t\t\t\t<\/div>\n\t\t\t\t<strong>Stiahnu\u0165<br>ISO 14001:2015 (DE) >><\/strong>\n\t\t\t<\/a>\n\t\t<\/div>\n\t\t\t<div class=\"single-certificate\">\n\t\t\t<a class=\"pdf\" href=\"https:\/\/dev.horlewire.com\/wp-content\/uploads\/2023\/07\/Carbon-footprint-certificate-HWSK.pdf\">\n\t\t\t\t<div class=\"pdf-img-container\">\n\t\t\t\t\t<img decoding=\"async\" src=\"https:\/\/dev.horlewire.com\/wp-content\/uploads\/2025\/01\/carbon-footprint.jpg\" alt=\"\">\n\t\t\t\t<\/div>\n\t\t\t\t<strong>Stiahnu\u0165<br>Carbon footprint certificate of Nitra plant >><\/strong>\n\t\t\t<\/a>\n\t\t<\/div>\n\t\t\t<div class=\"single-certificate\">\n\t\t\t<a class=\"pdf\" href=\"https:\/\/dev.horlewire.com\/wp-content\/uploads\/2025\/01\/EPD_HW_ACSR_wire_180-450-mm_C62D-C88D.pdf\">\n\t\t\t\t<div class=\"pdf-img-container\">\n\t\t\t\t\t<img decoding=\"async\" src=\"https:\/\/dev.horlewire.com\/wp-content\/uploads\/2025\/01\/Carbon-footprint-ACSR-wire-GALVA-C62D-C88D.jpg\" alt=\"\">\n\t\t\t\t<\/div>\n\t\t\t\t<strong>Stiahnu\u0165<br>Carbon footprint ACSR wire GALVA C62D-C88D >><\/strong>\n\t\t\t<\/a>\n\t\t<\/div>\n\t\t\t<div class=\"single-certificate\">\n\t\t\t<a class=\"pdf\" href=\"https:\/\/dev.horlewire.com\/wp-content\/uploads\/2025\/01\/EPD_HW_Baling_wire_230-mm_C52D.pdf\">\n\t\t\t\t<div class=\"pdf-img-container\">\n\t\t\t\t\t<img decoding=\"async\" src=\"https:\/\/dev.horlewire.com\/wp-content\/uploads\/2025\/01\/Carbon-footprint-Bailing-wire-230-GALVA-C52D-PL1000.jpg\" alt=\"\">\n\t\t\t\t<\/div>\n\t\t\t\t<strong>Stiahnu\u0165<br>Carbon footprint Bailing wire 2,30 GALVA C52D PL1000 >><\/strong>\n\t\t\t<\/a>\n\t\t<\/div>\n\t\t\t<div class=\"single-certificate\">\n\t\t\t<a class=\"pdf\" href=\"https:\/\/dev.horlewire.com\/wp-content\/uploads\/2025\/01\/EPD_HW_Baling_wire_300-mm_C62D.pdf\">\n\t\t\t\t<div class=\"pdf-img-container\">\n\t\t\t\t\t<img decoding=\"async\" src=\"https:\/\/dev.horlewire.com\/wp-content\/uploads\/2025\/01\/Carbon-footprint-Bailing-wire-300-GALVA-C62D-PL1000.jpg\" alt=\"\">\n\t\t\t\t<\/div>\n\t\t\t\t<strong>Stiahnu\u0165<br>Carbon footprint Bailing wire 3,00 GALVA C62D PL1000 >><\/strong>\n\t\t\t<\/a>\n\t\t<\/div>\n\t\t\t<div class=\"single-certificate\">\n\t\t\t<a class=\"pdf\" href=\"https:\/\/dev.horlewire.com\/wp-content\/uploads\/2026\/01\/Certificate_LCA_HW_GALVA_Grade_3465_EN.pdf\">\n\t\t\t\t<div class=\"pdf-img-container\">\n\t\t\t\t\t<img decoding=\"async\" src=\"https:\/\/dev.horlewire.com\/wp-content\/uploads\/2026\/01\/Certificate_LCA_HW_GALVA_Grade_34_65_EN.jpg\" alt=\"\">\n\t\t\t\t<\/div>\n\t\t\t\t<strong>Stiahnu\u0165<br>Life cycle assessment Cable armouring wire GALVA Grade 34, 65 >><\/strong>\n\t\t\t<\/a>\n\t\t<\/div>\n\t<\/div>\n\n<\/div><\/section>\n\n","protected":false},"excerpt":{"rendered":"","protected":false},"author":1,"featured_media":0,"parent":559,"menu_order":0,"comment_status":"closed","ping_status":"closed","template":"","meta":{"_acf_changed":false,"footnotes":""},"class_list":["post-4530","page","type-page","status-publish","hentry"],"acf":[],"yoast_head":"<!-- This site is optimized with the Yoast SEO plugin v25.0 - https:\/\/yoast.com\/wordpress\/plugins\/seo\/ -->\n<title>Certifikat - H\u00f6rle Wire<\/title>\n<meta name=\"robots\" content=\"index, follow, max-snippet:-1, max-image-preview:large, max-video-preview:-1\" \/>\n<link rel=\"canonical\" href=\"https:\/\/dev.horlewire.com\/sk\/kvalita-zivotne-prostredie\/certifikat\/\" \/>\n<meta property=\"og:locale\" content=\"sk_SK\" \/>\n<meta property=\"og:type\" content=\"article\" \/>\n<meta property=\"og:title\" content=\"Certifikat - H\u00f6rle Wire\" \/>\n<meta property=\"og:url\" content=\"https:\/\/dev.horlewire.com\/sk\/kvalita-zivotne-prostredie\/certifikat\/\" \/>\n<meta property=\"og:site_name\" content=\"H\u00f6rle Wire\" \/>\n<meta property=\"article:modified_time\" content=\"2025-02-17T13:25:37+00:00\" \/>\n<meta name=\"twitter:card\" content=\"summary_large_image\" \/>\n<meta name=\"twitter:label1\" content=\"Predpokladan\u00fd \u010das \u010d\u00edtania\" \/>\n\t<meta name=\"twitter:data1\" content=\"3 min\u00faty\" \/>\n<script type=\"application\/ld+json\" class=\"yoast-schema-graph\">{\"@context\":\"https:\/\/schema.org\",\"@graph\":[{\"@type\":\"WebPage\",\"@id\":\"https:\/\/dev.horlewire.com\/sk\/kvalita-zivotne-prostredie\/certifikat\/\",\"url\":\"https:\/\/dev.horlewire.com\/sk\/kvalita-zivotne-prostredie\/certifikat\/\",\"name\":\"Certifikat - H\u00f6rle Wire\",\"isPartOf\":{\"@id\":\"https:\/\/dev.horlewire.com\/en\/#website\"},\"datePublished\":\"2025-01-09T08:02:35+00:00\",\"dateModified\":\"2025-02-17T13:25:37+00:00\",\"breadcrumb\":{\"@id\":\"https:\/\/dev.horlewire.com\/sk\/kvalita-zivotne-prostredie\/certifikat\/#breadcrumb\"},\"inLanguage\":\"sk-SK\",\"potentialAction\":[{\"@type\":\"ReadAction\",\"target\":[\"https:\/\/dev.horlewire.com\/sk\/kvalita-zivotne-prostredie\/certifikat\/\"]}]},{\"@type\":\"BreadcrumbList\",\"@id\":\"https:\/\/dev.horlewire.com\/sk\/kvalita-zivotne-prostredie\/certifikat\/#breadcrumb\",\"itemListElement\":[{\"@type\":\"ListItem\",\"position\":1,\"name\":\"Hem\",\"item\":\"https:\/\/dev.horlewire.com\/sk\/\"},{\"@type\":\"ListItem\",\"position\":2,\"name\":\"Kvalita &#038; \u017divotne prostredie\",\"item\":\"https:\/\/dev.horlewire.com\/sk\/kvalita-zivotne-prostredie\/\"},{\"@type\":\"ListItem\",\"position\":3,\"name\":\"Certifikat\"}]},{\"@type\":\"WebSite\",\"@id\":\"https:\/\/dev.horlewire.com\/en\/#website\",\"url\":\"https:\/\/dev.horlewire.com\/en\/\",\"name\":\"H\u00f6rle Wire\",\"description\":\"Welcome to H\u00f6rle Wire Group\",\"potentialAction\":[{\"@type\":\"SearchAction\",\"target\":{\"@type\":\"EntryPoint\",\"urlTemplate\":\"https:\/\/dev.horlewire.com\/en\/?s={search_term_string}\"},\"query-input\":{\"@type\":\"PropertyValueSpecification\",\"valueRequired\":true,\"valueName\":\"search_term_string\"}}],\"inLanguage\":\"sk-SK\"}]}<\/script>\n<!-- \/ Yoast SEO plugin. -->","yoast_head_json":{"title":"Certifikat - H\u00f6rle Wire","robots":{"index":"index","follow":"follow","max-snippet":"max-snippet:-1","max-image-preview":"max-image-preview:large","max-video-preview":"max-video-preview:-1"},"canonical":"https:\/\/dev.horlewire.com\/sk\/kvalita-zivotne-prostredie\/certifikat\/","og_locale":"sk_SK","og_type":"article","og_title":"Certifikat - H\u00f6rle Wire","og_url":"https:\/\/dev.horlewire.com\/sk\/kvalita-zivotne-prostredie\/certifikat\/","og_site_name":"H\u00f6rle Wire","article_modified_time":"2025-02-17T13:25:37+00:00","twitter_card":"summary_large_image","twitter_misc":{"Predpokladan\u00fd \u010das \u010d\u00edtania":"3 min\u00faty"},"schema":{"@context":"https:\/\/schema.org","@graph":[{"@type":"WebPage","@id":"https:\/\/dev.horlewire.com\/sk\/kvalita-zivotne-prostredie\/certifikat\/","url":"https:\/\/dev.horlewire.com\/sk\/kvalita-zivotne-prostredie\/certifikat\/","name":"Certifikat - H\u00f6rle Wire","isPartOf":{"@id":"https:\/\/dev.horlewire.com\/en\/#website"},"datePublished":"2025-01-09T08:02:35+00:00","dateModified":"2025-02-17T13:25:37+00:00","breadcrumb":{"@id":"https:\/\/dev.horlewire.com\/sk\/kvalita-zivotne-prostredie\/certifikat\/#breadcrumb"},"inLanguage":"sk-SK","potentialAction":[{"@type":"ReadAction","target":["https:\/\/dev.horlewire.com\/sk\/kvalita-zivotne-prostredie\/certifikat\/"]}]},{"@type":"BreadcrumbList","@id":"https:\/\/dev.horlewire.com\/sk\/kvalita-zivotne-prostredie\/certifikat\/#breadcrumb","itemListElement":[{"@type":"ListItem","position":1,"name":"Hem","item":"https:\/\/dev.horlewire.com\/sk\/"},{"@type":"ListItem","position":2,"name":"Kvalita &#038; \u017divotne prostredie","item":"https:\/\/dev.horlewire.com\/sk\/kvalita-zivotne-prostredie\/"},{"@type":"ListItem","position":3,"name":"Certifikat"}]},{"@type":"WebSite","@id":"https:\/\/dev.horlewire.com\/en\/#website","url":"https:\/\/dev.horlewire.com\/en\/","name":"H\u00f6rle Wire","description":"Welcome to H\u00f6rle Wire Group","potentialAction":[{"@type":"SearchAction","target":{"@type":"EntryPoint","urlTemplate":"https:\/\/dev.horlewire.com\/en\/?s={search_term_string}"},"query-input":{"@type":"PropertyValueSpecification","valueRequired":true,"valueName":"search_term_string"}}],"inLanguage":"sk-SK"}]}},"_links":{"self":[{"href":"https:\/\/dev.horlewire.com\/sk\/wp-json\/wp\/v2\/pages\/4530","targetHints":{"allow":["GET"]}}],"collection":[{"href":"https:\/\/dev.horlewire.com\/sk\/wp-json\/wp\/v2\/pages"}],"about":[{"href":"https:\/\/dev.horlewire.com\/sk\/wp-json\/wp\/v2\/types\/page"}],"author":[{"embeddable":true,"href":"https:\/\/dev.horlewire.com\/sk\/wp-json\/wp\/v2\/users\/1"}],"replies":[{"embeddable":true,"href":"https:\/\/dev.horlewire.com\/sk\/wp-json\/wp\/v2\/comments?post=4530"}],"version-history":[{"count":4,"href":"https:\/\/dev.horlewire.com\/sk\/wp-json\/wp\/v2\/pages\/4530\/revisions"}],"predecessor-version":[{"id":5718,"href":"https:\/\/dev.horlewire.com\/sk\/wp-json\/wp\/v2\/pages\/4530\/revisions\/5718"}],"up":[{"embeddable":true,"href":"https:\/\/dev.horlewire.com\/sk\/wp-json\/wp\/v2\/pages\/559"}],"wp:attachment":[{"href":"https:\/\/dev.horlewire.com\/sk\/wp-json\/wp\/v2\/media?parent=4530"}],"curies":[{"name":"wp","href":"https:\/\/api.w.org\/{rel}","templated":true}]}}