{"id":640,"date":"2019-09-04T11:24:35","date_gmt":"2019-09-04T11:24:35","guid":{"rendered":"http:\/\/hw.creativebox.se\/karriar\/"},"modified":"2025-12-03T13:13:27","modified_gmt":"2025-12-03T13:13:27","slug":"stellenangebote","status":"publish","type":"page","link":"https:\/\/dev.horlewire.com\/de\/stellenangebote\/","title":{"rendered":"Stellenangebote"},"content":{"rendered":"<div id='av_section_1'  class='avia-section av-k141hbo1-6aa121c9dff22d3f0a1d7b1b8b54de7e main_color avia-section-default avia-no-border-styling  avia-builder-el-0  avia-builder-el-no-sibling  hw-container avia-bg-style-scroll container_wrap fullsize'  ><div class='container av-section-cont-open' ><main  role=\"main\" itemprop=\"mainContentOfPage\"  class='template-page content  av-content-full alpha units'><div class='post-entry post-entry-type-page post-entry-640'><div class='entry-content-wrapper clearfix'>\n<div class='flex_column_table av-2g7p-a8c2d6285c2b9986cd75a22a35d27d09 sc-av_one_half av-equal-height-column-flextable'>\n<style type=\"text\/css\" data-created_by=\"avia_inline_auto\" id=\"style-css-av-2g7p-a8c2d6285c2b9986cd75a22a35d27d09\">\n.flex_column.av-2g7p-a8c2d6285c2b9986cd75a22a35d27d09{\n-webkit-border-radius:0px 0px 0px 0px;\n-moz-border-radius:0px 0px 0px 0px;\nborder-radius:0px 0px 0px 0px;\npadding:0px 0px 0px 0px;\nbackground-color:#f1f0ef;\n}\n<\/style>\n<div class='flex_column av-2g7p-a8c2d6285c2b9986cd75a22a35d27d09 av_one_half  avia-builder-el-1  el_before_av_one_half  avia-builder-el-first  text-min-height first flex_column_table_cell av-equal-height-column av-align-top av-zero-column-padding '     ><section  class='av_textblock_section av-k141jplz-c5f622e386763dd0eb7f025bdf2f8004'  itemscope=\"itemscope\" itemtype=\"https:\/\/schema.org\/CreativeWork\" ><div class='avia_textblock pink-line-left'  itemprop=\"text\" ><h1>Aktuelle Stellenangebote<\/h1>\n<p>Initiativbewerbungen richten Sie bitte per Mail an\u00a0<a href=\"personal@huesecken.de\">personal@huesecken.de<\/a><\/p>\n<\/div><\/section><\/div><div class='av-flex-placeholder'><\/div>\n<style type=\"text\/css\" data-created_by=\"avia_inline_auto\" id=\"style-css-av-k141ld12-e5d1be28b5904443bc8812b0f2f7a4c7\">\n.flex_column.av-k141ld12-e5d1be28b5904443bc8812b0f2f7a4c7{\n-webkit-border-radius:0px 0px 0px 0px;\n-moz-border-radius:0px 0px 0px 0px;\nborder-radius:0px 0px 0px 0px;\npadding:0px 0px 0px 0px;\nbackground:url(https:\/\/dev.horlewire.com\/wp-content\/uploads\/2019\/10\/karriar-horle-2.jpg) 50% 50% no-repeat scroll ;\n}\n<\/style>\n<div class='flex_column av-k141ld12-e5d1be28b5904443bc8812b0f2f7a4c7 av_one_half  avia-builder-el-3  el_after_av_one_half  el_before_av_one_full  hw-image-mobile flex_column_table_cell av-equal-height-column av-align-top av-zero-column-padding avia-full-stretch '     ><\/div><\/div><!--close column table wrapper. Autoclose: 1 -->\n<style type=\"text\/css\" data-created_by=\"avia_inline_auto\" id=\"style-css-av-k0wh8eog-5c38ef8d85a6907c2b8449ee4d46c3ba\">\n.flex_column.av-k0wh8eog-5c38ef8d85a6907c2b8449ee4d46c3ba{\n-webkit-border-radius:0px 0px 0px 0px;\n-moz-border-radius:0px 0px 0px 0px;\nborder-radius:0px 0px 0px 0px;\npadding:80px 80px 80px 80px;\nbackground-color:#122841;\n}\n<\/style>\n<div class='flex_column av-k0wh8eog-5c38ef8d85a6907c2b8449ee4d46c3ba av_one_full  avia-builder-el-4  el_after_av_one_half  avia-builder-el-last  white-text pink-center-line post-slide-container first flex_column_div column-top-margin'     ><section  class='av_textblock_section av-k0wh2ow2-8ff23880064fbff1464eb64feff07365'  itemscope=\"itemscope\" itemtype=\"https:\/\/schema.org\/CreativeWork\" ><div class='avia_textblock white-text pink-long-line-center'  itemprop=\"text\" ><h2 style=\"text-align: center;\">Whats up!<\/h2>\n<p style=\"text-align: center;\">Follow us on social media<br \/>\nand stay up to date on the latest news!<\/p>\n<div class=\"social-media\"><a href=\"https:\/\/www.facebook.com\/H\u00f6rle-Wire-Group-440628306121409\/\" target=\"_blank\" rel=\"noopener noreferrer\"><img decoding=\"async\" class=\"alignnone size-thumbnail wp-image-1382\" role=\"img\" src=\"https:\/\/horlewire.com\/wp-content\/uploads\/2019\/12\/facebook.svg\" alt=\"\" width=\"80\" height=\"80\" \/><\/a><br \/>\n<a href=\"https:\/\/www.instagram.com\/horlewiregroup\/\" target=\"_blank\" rel=\"noopener noreferrer\"><img decoding=\"async\" class=\"alignnone size-thumbnail wp-image-1386\" role=\"img\" src=\"https:\/\/horlewire.com\/wp-content\/uploads\/2019\/12\/instagram.svg\" alt=\"\" width=\"80\" height=\"80\" \/><\/a><br \/>\n<a href=\"https:\/\/www.linkedin.com\/in\/h\u00f6rle-wire-group-3208401a3\" target=\"_blank\" rel=\"noopener noreferrer\"><img decoding=\"async\" class=\"alignnone size-thumbnail wp-image-1386\" role=\"img\" src=\"https:\/\/horlewire.com\/wp-content\/uploads\/2020\/03\/LinkedIn.svg\" alt=\"\" width=\"80\" height=\"80\" \/><\/a><br \/>\n<a href=\"https:\/\/www.xing.com\/companies\/h\u00f6rlewiregroup\" target=\"_blank\" rel=\"noopener noreferrer\"><img loading=\"lazy\" decoding=\"async\" class=\"alignnone size-thumbnail wp-image-1386\" role=\"img\" src=\"https:\/\/horlewire.com\/wp-content\/uploads\/2020\/03\/Xing-hw.svg\" alt=\"\" width=\"80\" height=\"80\" \/><\/a><\/div>\n<\/div><\/section><br \/>\n<div  data-slideshow-options=\"{&quot;animation&quot;:&quot;fade&quot;,&quot;autoplay&quot;:false,&quot;loop_autoplay&quot;:&quot;once&quot;,&quot;interval&quot;:&quot;5&quot;,&quot;loop_manual&quot;:&quot;manual-endless&quot;,&quot;autoplay_stopper&quot;:false,&quot;noNavigation&quot;:false,&quot;show_slide_delay&quot;:90}\" class='avia-content-slider avia-content-slider-active avia-content-slider1 avia-content-slider-odd  avia-builder-el-6  el_after_av_textblock  el_before_av_textblock  pink-line-left dark-text av-slideshow-ui av-control-default   av-no-slider-navigation av-slideshow-manual av-loop-once av-loop-manual-endless '  itemscope=\"itemscope\" itemtype=\"https:\/\/schema.org\/Blog\" ><div class=\"avia-content-slider-inner\"><div class=\"slide-entry-wrap\"><article class='slide-entry flex_column  post-entry post-entry-6493 slide-entry-overview slide-loop-1 slide-parity-odd  av_one_third first real-thumbnail post-format-standard'  itemscope=\"itemscope\" itemtype=\"https:\/\/schema.org\/CreativeWork\" ><a href='https:\/\/dev.horlewire.com\/de\/frohe-weihnachten-und-ein-gutes-neues-jahr\/' data-rel='slide-1' class='slide-image' title='Frohe Weihnachten und ein gutes neues Jahr!'><img loading=\"lazy\" decoding=\"async\" width=\"495\" height=\"400\" src=\"https:\/\/dev.horlewire.com\/wp-content\/uploads\/2025\/12\/Julhalsning-495x400.png\" class=\"wp-image-6477 avia-img-lazy-loading-not-6477 attachment-portfolio size-portfolio wp-post-image\" alt=\"\" \/><\/a><div class=\"slide-content\"><header class=\"entry-content-header\"><h3 class='slide-entry-title entry-title '  itemprop=\"headline\" ><a href='https:\/\/dev.horlewire.com\/de\/frohe-weihnachten-und-ein-gutes-neues-jahr\/' title='Frohe Weihnachten und ein gutes neues Jahr!'>Frohe Weihnachten und ein gutes neues Jahr!<\/a><\/h3><span class=\"av-vertical-delimiter\"><\/span><\/header><div class=\"slide-meta\"><time class='slide-meta-time updated'  itemprop=\"datePublished\" datetime=\"2025-12-17T10:52:20+00:00\" >2025-12-17<\/time><\/div><div class='slide-entry-excerpt entry-content'  itemprop=\"text\" >Wir m\u00f6chten uns bei allen f\u00fcr ein ereignisreiches Jahr 2025\u2026<div class=\"read-more-link\"><a href=\"https:\/\/dev.horlewire.com\/de\/frohe-weihnachten-und-ein-gutes-neues-jahr\/\" class=\"more-link\">Weiterlesen<span class=\"more-link-arrow\"><\/span><\/a><\/div><\/div><\/div><footer class=\"entry-footer\"><\/footer><span class='hidden'>\n\t\t\t\t<span class='av-structured-data'  itemprop=\"image\" itemscope=\"itemscope\" itemtype=\"https:\/\/schema.org\/ImageObject\" >\n\t\t\t\t\t\t<span itemprop='url'>https:\/\/dev.horlewire.com\/wp-content\/uploads\/2025\/12\/Julhalsning.png<\/span>\n\t\t\t\t\t\t<span itemprop='height'>627<\/span>\n\t\t\t\t\t\t<span itemprop='width'>1200<\/span>\n\t\t\t\t<\/span>\n\t\t\t\t<span class='av-structured-data'  itemprop=\"publisher\" itemtype=\"https:\/\/schema.org\/Organization\" itemscope=\"itemscope\" >\n\t\t\t\t\t\t<span itemprop='name'>Horle_Wire<\/span>\n\t\t\t\t\t\t<span itemprop='logo' itemscope itemtype='https:\/\/schema.org\/ImageObject'>\n\t\t\t\t\t\t\t<span itemprop='url'>https:\/\/horlewire.com\/wp-content\/uploads\/2019\/09\/Hore_wire_logotype.svg<\/span>\n\t\t\t\t\t\t <\/span>\n\t\t\t\t<\/span><span class='av-structured-data'  itemprop=\"author\" itemscope=\"itemscope\" itemtype=\"https:\/\/schema.org\/Person\" ><span itemprop='name'>Horle_Wire<\/span><\/span><span class='av-structured-data'  itemprop=\"datePublished\" datetime=\"2019-09-04T11:24:35+00:00\" >2025-12-17 10:52:20<\/span><span class='av-structured-data'  itemprop=\"dateModified\" itemtype=\"https:\/\/schema.org\/dateModified\" >2025-12-17 10:52:20<\/span><span class='av-structured-data'  itemprop=\"mainEntityOfPage\" itemtype=\"https:\/\/schema.org\/mainEntityOfPage\" ><span itemprop='name'>Frohe Weihnachten und ein gutes neues Jahr!<\/span><\/span><\/span><\/article><article class='slide-entry flex_column  post-entry post-entry-6466 slide-entry-overview slide-loop-2 slide-parity-even  av_one_third  real-thumbnail post-format-standard'  itemscope=\"itemscope\" itemtype=\"https:\/\/schema.org\/CreativeWork\" ><a href='https:\/\/dev.horlewire.com\/de\/lieferant-des-jahres-2024-huesecken-wire-ueberzeugt-erneut-mit-qualitaet-und-zuverlaessigkeit\/' data-rel='slide-1' class='slide-image' title='Lieferant des Jahres 2024 \u2013 Huesecken Wire \u00fcberzeugt erneut mit Qualit\u00e4t und Zuverl\u00e4ssigkeit'><img loading=\"lazy\" decoding=\"async\" width=\"495\" height=\"400\" src=\"https:\/\/dev.horlewire.com\/wp-content\/uploads\/2025\/10\/IMG_4582-495x400.jpg\" class=\"wp-image-6462 avia-img-lazy-loading-not-6462 attachment-portfolio size-portfolio wp-post-image\" alt=\"\" srcset=\"https:\/\/dev.horlewire.com\/wp-content\/uploads\/2025\/10\/IMG_4582-495x400.jpg 495w, https:\/\/dev.horlewire.com\/wp-content\/uploads\/2025\/10\/IMG_4582-845x684.jpg 845w\" sizes=\"(max-width: 495px) 100vw, 495px\" \/><\/a><div class=\"slide-content\"><header class=\"entry-content-header\"><h3 class='slide-entry-title entry-title '  itemprop=\"headline\" ><a href='https:\/\/dev.horlewire.com\/de\/lieferant-des-jahres-2024-huesecken-wire-ueberzeugt-erneut-mit-qualitaet-und-zuverlaessigkeit\/' title='Lieferant des Jahres 2024 \u2013 Huesecken Wire \u00fcberzeugt erneut mit Qualit\u00e4t und Zuverl\u00e4ssigkeit'>Lieferant des Jahres 2024 \u2013 Huesecken Wire \u00fcberzeugt erneut mit Qualit\u00e4t und Zuverl\u00e4ssigkeit<\/a><\/h3><span class=\"av-vertical-delimiter\"><\/span><\/header><div class=\"slide-meta\"><time class='slide-meta-time updated'  itemprop=\"datePublished\" datetime=\"2025-10-14T13:31:26+00:00\" >2025-10-14<\/time><\/div><div class='slide-entry-excerpt entry-content'  itemprop=\"text\" >Wir freuen uns sehr: Die SIEGENIA GROUP hat Huesecken Wire erneut\u2026<div class=\"read-more-link\"><a href=\"https:\/\/dev.horlewire.com\/de\/lieferant-des-jahres-2024-huesecken-wire-ueberzeugt-erneut-mit-qualitaet-und-zuverlaessigkeit\/\" class=\"more-link\">Weiterlesen<span class=\"more-link-arrow\"><\/span><\/a><\/div><\/div><\/div><footer class=\"entry-footer\"><\/footer><span class='hidden'>\n\t\t\t\t<span class='av-structured-data'  itemprop=\"image\" itemscope=\"itemscope\" itemtype=\"https:\/\/schema.org\/ImageObject\" >\n\t\t\t\t\t\t<span itemprop='url'>https:\/\/dev.horlewire.com\/wp-content\/uploads\/2025\/10\/IMG_4582-scaled.jpg<\/span>\n\t\t\t\t\t\t<span itemprop='height'>2560<\/span>\n\t\t\t\t\t\t<span itemprop='width'>1707<\/span>\n\t\t\t\t<\/span>\n\t\t\t\t<span class='av-structured-data'  itemprop=\"publisher\" itemtype=\"https:\/\/schema.org\/Organization\" itemscope=\"itemscope\" >\n\t\t\t\t\t\t<span itemprop='name'>Horle_Wire<\/span>\n\t\t\t\t\t\t<span itemprop='logo' itemscope itemtype='https:\/\/schema.org\/ImageObject'>\n\t\t\t\t\t\t\t<span itemprop='url'>https:\/\/horlewire.com\/wp-content\/uploads\/2019\/09\/Hore_wire_logotype.svg<\/span>\n\t\t\t\t\t\t <\/span>\n\t\t\t\t<\/span><span class='av-structured-data'  itemprop=\"author\" itemscope=\"itemscope\" itemtype=\"https:\/\/schema.org\/Person\" ><span itemprop='name'>Horle_Wire<\/span><\/span><span class='av-structured-data'  itemprop=\"datePublished\" datetime=\"2019-09-04T11:24:35+00:00\" >2025-10-14 13:31:26<\/span><span class='av-structured-data'  itemprop=\"dateModified\" itemtype=\"https:\/\/schema.org\/dateModified\" >2025-10-14 13:31:26<\/span><span class='av-structured-data'  itemprop=\"mainEntityOfPage\" itemtype=\"https:\/\/schema.org\/mainEntityOfPage\" ><span itemprop='name'>Lieferant des Jahres 2024 \u2013 Huesecken Wire \u00fcberzeugt erneut mit Qualit\u00e4t und Zuverl\u00e4ssigkeit<\/span><\/span><\/span><\/article><article class='slide-entry flex_column  post-entry post-entry-6453 slide-entry-overview slide-loop-3 slide-parity-odd  post-entry-last  av_one_third  real-thumbnail post-format-standard'  itemscope=\"itemscope\" itemtype=\"https:\/\/schema.org\/CreativeWork\" ><a href='https:\/\/dev.horlewire.com\/de\/familienfreundlichkeit-ist-bei-huesecken-wire-zertifiziert\/' data-rel='slide-1' class='slide-image' title='Familienfreundlichkeit ist bei Huesecken Wire zertifiziert'><img loading=\"lazy\" decoding=\"async\" width=\"495\" height=\"400\" src=\"https:\/\/dev.horlewire.com\/wp-content\/uploads\/2025\/09\/Huesecken-Wire-GmbH-495x400.jpg\" class=\"wp-image-6449 avia-img-lazy-loading-not-6449 attachment-portfolio size-portfolio wp-post-image\" alt=\"\" srcset=\"https:\/\/dev.horlewire.com\/wp-content\/uploads\/2025\/09\/Huesecken-Wire-GmbH-495x400.jpg 495w, https:\/\/dev.horlewire.com\/wp-content\/uploads\/2025\/09\/Huesecken-Wire-GmbH-845x684.jpg 845w\" sizes=\"(max-width: 495px) 100vw, 495px\" \/><\/a><div class=\"slide-content\"><header class=\"entry-content-header\"><h3 class='slide-entry-title entry-title '  itemprop=\"headline\" ><a href='https:\/\/dev.horlewire.com\/de\/familienfreundlichkeit-ist-bei-huesecken-wire-zertifiziert\/' title='Familienfreundlichkeit ist bei Huesecken Wire zertifiziert'>Familienfreundlichkeit ist bei Huesecken Wire zertifiziert<\/a><\/h3><span class=\"av-vertical-delimiter\"><\/span><\/header><div class=\"slide-meta\"><time class='slide-meta-time updated'  itemprop=\"datePublished\" datetime=\"2025-09-25T09:05:37+00:00\" >2025-09-25<\/time><\/div><div class='slide-entry-excerpt entry-content'  itemprop=\"text\" >Anpacken, auch wenn\u2019s mal schwierig wird \u2013 das leben wir\u2026<div class=\"read-more-link\"><a href=\"https:\/\/dev.horlewire.com\/de\/familienfreundlichkeit-ist-bei-huesecken-wire-zertifiziert\/\" class=\"more-link\">Weiterlesen<span class=\"more-link-arrow\"><\/span><\/a><\/div><\/div><\/div><footer class=\"entry-footer\"><\/footer><span class='hidden'>\n\t\t\t\t<span class='av-structured-data'  itemprop=\"image\" itemscope=\"itemscope\" itemtype=\"https:\/\/schema.org\/ImageObject\" >\n\t\t\t\t\t\t<span itemprop='url'>https:\/\/dev.horlewire.com\/wp-content\/uploads\/2025\/09\/Huesecken-Wire-GmbH.jpg<\/span>\n\t\t\t\t\t\t<span itemprop='height'>750<\/span>\n\t\t\t\t\t\t<span itemprop='width'>1125<\/span>\n\t\t\t\t<\/span>\n\t\t\t\t<span class='av-structured-data'  itemprop=\"publisher\" itemtype=\"https:\/\/schema.org\/Organization\" itemscope=\"itemscope\" >\n\t\t\t\t\t\t<span itemprop='name'>creativeworks<\/span>\n\t\t\t\t\t\t<span itemprop='logo' itemscope itemtype='https:\/\/schema.org\/ImageObject'>\n\t\t\t\t\t\t\t<span itemprop='url'>https:\/\/horlewire.com\/wp-content\/uploads\/2019\/09\/Hore_wire_logotype.svg<\/span>\n\t\t\t\t\t\t <\/span>\n\t\t\t\t<\/span><span class='av-structured-data'  itemprop=\"author\" itemscope=\"itemscope\" itemtype=\"https:\/\/schema.org\/Person\" ><span itemprop='name'>creativeworks<\/span><\/span><span class='av-structured-data'  itemprop=\"datePublished\" datetime=\"2019-09-04T11:24:35+00:00\" >2025-09-25 09:05:37<\/span><span class='av-structured-data'  itemprop=\"dateModified\" itemtype=\"https:\/\/schema.org\/dateModified\" >2025-09-25 09:18:29<\/span><span class='av-structured-data'  itemprop=\"mainEntityOfPage\" itemtype=\"https:\/\/schema.org\/mainEntityOfPage\" ><span itemprop='name'>Familienfreundlichkeit ist bei Huesecken Wire zertifiziert<\/span><\/span><\/span><\/article><\/div><\/div><\/div><br \/>\n<section  class='av_textblock_section av-k0wh2ow2-f5367ca066d9d9e1240f569f8b8b9fc5'  itemscope=\"itemscope\" itemtype=\"https:\/\/schema.org\/CreativeWork\" ><div class='avia_textblock white-text pink-center-line'  itemprop=\"text\" ><h3 style=\"text-align: center;\">Part of your growth!<\/h3>\n<\/div><\/section><\/p><\/div>\n","protected":false},"excerpt":{"rendered":"","protected":false},"author":1,"featured_media":0,"parent":0,"menu_order":0,"comment_status":"closed","ping_status":"closed","template":"","meta":{"_acf_changed":false,"footnotes":""},"class_list":["post-640","page","type-page","status-publish","hentry"],"acf":[],"yoast_head":"<!-- This site is optimized with the Yoast SEO plugin v25.0 - https:\/\/yoast.com\/wordpress\/plugins\/seo\/ -->\n<title>Stellenangebote - H\u00f6rle Wire<\/title>\n<meta name=\"robots\" content=\"index, follow, max-snippet:-1, max-image-preview:large, max-video-preview:-1\" \/>\n<link rel=\"canonical\" href=\"https:\/\/dev.horlewire.com\/de\/stellenangebote\/\" \/>\n<meta property=\"og:locale\" content=\"de_DE\" \/>\n<meta property=\"og:type\" content=\"article\" \/>\n<meta property=\"og:title\" content=\"Stellenangebote - H\u00f6rle Wire\" \/>\n<meta property=\"og:url\" content=\"https:\/\/dev.horlewire.com\/de\/stellenangebote\/\" \/>\n<meta property=\"og:site_name\" content=\"H\u00f6rle Wire\" \/>\n<meta property=\"article:modified_time\" content=\"2025-12-03T13:13:27+00:00\" \/>\n<meta property=\"og:image\" content=\"https:\/\/horlewire.com\/wp-content\/uploads\/2019\/12\/facebook.svg\" \/>\n<meta name=\"twitter:card\" content=\"summary_large_image\" \/>\n<meta name=\"twitter:label1\" content=\"Gesch\u00e4tzte Lesezeit\" \/>\n\t<meta name=\"twitter:data1\" content=\"3\u00a0Minuten\" \/>\n<script type=\"application\/ld+json\" class=\"yoast-schema-graph\">{\"@context\":\"https:\/\/schema.org\",\"@graph\":[{\"@type\":\"WebPage\",\"@id\":\"https:\/\/dev.horlewire.com\/de\/stellenangebote\/\",\"url\":\"https:\/\/dev.horlewire.com\/de\/stellenangebote\/\",\"name\":\"Stellenangebote - H\u00f6rle Wire\",\"isPartOf\":{\"@id\":\"https:\/\/dev.horlewire.com\/en\/#website\"},\"primaryImageOfPage\":{\"@id\":\"https:\/\/dev.horlewire.com\/de\/stellenangebote\/#primaryimage\"},\"image\":{\"@id\":\"https:\/\/dev.horlewire.com\/de\/stellenangebote\/#primaryimage\"},\"thumbnailUrl\":\"https:\/\/horlewire.com\/wp-content\/uploads\/2019\/12\/facebook.svg\",\"datePublished\":\"2019-09-04T11:24:35+00:00\",\"dateModified\":\"2025-12-03T13:13:27+00:00\",\"breadcrumb\":{\"@id\":\"https:\/\/dev.horlewire.com\/de\/stellenangebote\/#breadcrumb\"},\"inLanguage\":\"de\",\"potentialAction\":[{\"@type\":\"ReadAction\",\"target\":[\"https:\/\/dev.horlewire.com\/de\/stellenangebote\/\"]}]},{\"@type\":\"ImageObject\",\"inLanguage\":\"de\",\"@id\":\"https:\/\/dev.horlewire.com\/de\/stellenangebote\/#primaryimage\",\"url\":\"https:\/\/horlewire.com\/wp-content\/uploads\/2019\/12\/facebook.svg\",\"contentUrl\":\"https:\/\/horlewire.com\/wp-content\/uploads\/2019\/12\/facebook.svg\"},{\"@type\":\"BreadcrumbList\",\"@id\":\"https:\/\/dev.horlewire.com\/de\/stellenangebote\/#breadcrumb\",\"itemListElement\":[{\"@type\":\"ListItem\",\"position\":1,\"name\":\"Hem\",\"item\":\"https:\/\/dev.horlewire.com\/de\/\"},{\"@type\":\"ListItem\",\"position\":2,\"name\":\"Stellenangebote\"}]},{\"@type\":\"WebSite\",\"@id\":\"https:\/\/dev.horlewire.com\/en\/#website\",\"url\":\"https:\/\/dev.horlewire.com\/en\/\",\"name\":\"H\u00f6rle Wire\",\"description\":\"Welcome to H\u00f6rle Wire Group\",\"potentialAction\":[{\"@type\":\"SearchAction\",\"target\":{\"@type\":\"EntryPoint\",\"urlTemplate\":\"https:\/\/dev.horlewire.com\/en\/?s={search_term_string}\"},\"query-input\":{\"@type\":\"PropertyValueSpecification\",\"valueRequired\":true,\"valueName\":\"search_term_string\"}}],\"inLanguage\":\"de\"}]}<\/script>\n<!-- \/ Yoast SEO plugin. -->","yoast_head_json":{"title":"Stellenangebote - H\u00f6rle Wire","robots":{"index":"index","follow":"follow","max-snippet":"max-snippet:-1","max-image-preview":"max-image-preview:large","max-video-preview":"max-video-preview:-1"},"canonical":"https:\/\/dev.horlewire.com\/de\/stellenangebote\/","og_locale":"de_DE","og_type":"article","og_title":"Stellenangebote - H\u00f6rle Wire","og_url":"https:\/\/dev.horlewire.com\/de\/stellenangebote\/","og_site_name":"H\u00f6rle Wire","article_modified_time":"2025-12-03T13:13:27+00:00","og_image":[{"url":"https:\/\/horlewire.com\/wp-content\/uploads\/2019\/12\/facebook.svg","type":"","width":"","height":""}],"twitter_card":"summary_large_image","twitter_misc":{"Gesch\u00e4tzte Lesezeit":"3\u00a0Minuten"},"schema":{"@context":"https:\/\/schema.org","@graph":[{"@type":"WebPage","@id":"https:\/\/dev.horlewire.com\/de\/stellenangebote\/","url":"https:\/\/dev.horlewire.com\/de\/stellenangebote\/","name":"Stellenangebote - H\u00f6rle Wire","isPartOf":{"@id":"https:\/\/dev.horlewire.com\/en\/#website"},"primaryImageOfPage":{"@id":"https:\/\/dev.horlewire.com\/de\/stellenangebote\/#primaryimage"},"image":{"@id":"https:\/\/dev.horlewire.com\/de\/stellenangebote\/#primaryimage"},"thumbnailUrl":"https:\/\/horlewire.com\/wp-content\/uploads\/2019\/12\/facebook.svg","datePublished":"2019-09-04T11:24:35+00:00","dateModified":"2025-12-03T13:13:27+00:00","breadcrumb":{"@id":"https:\/\/dev.horlewire.com\/de\/stellenangebote\/#breadcrumb"},"inLanguage":"de","potentialAction":[{"@type":"ReadAction","target":["https:\/\/dev.horlewire.com\/de\/stellenangebote\/"]}]},{"@type":"ImageObject","inLanguage":"de","@id":"https:\/\/dev.horlewire.com\/de\/stellenangebote\/#primaryimage","url":"https:\/\/horlewire.com\/wp-content\/uploads\/2019\/12\/facebook.svg","contentUrl":"https:\/\/horlewire.com\/wp-content\/uploads\/2019\/12\/facebook.svg"},{"@type":"BreadcrumbList","@id":"https:\/\/dev.horlewire.com\/de\/stellenangebote\/#breadcrumb","itemListElement":[{"@type":"ListItem","position":1,"name":"Hem","item":"https:\/\/dev.horlewire.com\/de\/"},{"@type":"ListItem","position":2,"name":"Stellenangebote"}]},{"@type":"WebSite","@id":"https:\/\/dev.horlewire.com\/en\/#website","url":"https:\/\/dev.horlewire.com\/en\/","name":"H\u00f6rle Wire","description":"Welcome to H\u00f6rle Wire Group","potentialAction":[{"@type":"SearchAction","target":{"@type":"EntryPoint","urlTemplate":"https:\/\/dev.horlewire.com\/en\/?s={search_term_string}"},"query-input":{"@type":"PropertyValueSpecification","valueRequired":true,"valueName":"search_term_string"}}],"inLanguage":"de"}]}},"_links":{"self":[{"href":"https:\/\/dev.horlewire.com\/de\/wp-json\/wp\/v2\/pages\/640","targetHints":{"allow":["GET"]}}],"collection":[{"href":"https:\/\/dev.horlewire.com\/de\/wp-json\/wp\/v2\/pages"}],"about":[{"href":"https:\/\/dev.horlewire.com\/de\/wp-json\/wp\/v2\/types\/page"}],"author":[{"embeddable":true,"href":"https:\/\/dev.horlewire.com\/de\/wp-json\/wp\/v2\/users\/1"}],"replies":[{"embeddable":true,"href":"https:\/\/dev.horlewire.com\/de\/wp-json\/wp\/v2\/comments?post=640"}],"version-history":[{"count":43,"href":"https:\/\/dev.horlewire.com\/de\/wp-json\/wp\/v2\/pages\/640\/revisions"}],"predecessor-version":[{"id":6472,"href":"https:\/\/dev.horlewire.com\/de\/wp-json\/wp\/v2\/pages\/640\/revisions\/6472"}],"wp:attachment":[{"href":"https:\/\/dev.horlewire.com\/de\/wp-json\/wp\/v2\/media?parent=640"}],"curies":[{"name":"wp","href":"https:\/\/api.w.org\/{rel}","templated":true}]}}