{"id":557,"date":"2019-09-23T19:07:32","date_gmt":"2019-09-23T19:07:32","guid":{"rendered":"http:\/\/hw.creativebox.se\/kvalitet-och-miljo\/"},"modified":"2025-03-24T09:15:14","modified_gmt":"2025-03-24T09:15:14","slug":"qualitaet-umwelt","status":"publish","type":"page","link":"https:\/\/dev.horlewire.com\/de\/qualitaet-umwelt\/","title":{"rendered":"Qualit\u00e4t und Umwelt"},"content":{"rendered":"\n<style type=\"text\/css\" data-created_by=\"avia_inline_auto\" id=\"style-css-av-gkip-9f5f8210211d19bcc8d401f667073129\">\n.avia-section.av-gkip-9f5f8210211d19bcc8d401f667073129{\nmargin-top:0px;\nmargin-bottom:20px;\n}\n<\/style>\n<div id='av_section_1'  class='avia-section av-gkip-9f5f8210211d19bcc8d401f667073129 main_color avia-section-default avia-no-border-styling  avia-builder-el-0  el_before_av_section  avia-builder-el-first  hw-container avia-bg-style-scroll container_wrap fullsize'  ><div class='container av-section-cont-open' ><main  role=\"main\" itemprop=\"mainContentOfPage\"  class='template-page content  av-content-full alpha units'><div class='post-entry post-entry-type-page post-entry-557'><div class='entry-content-wrapper clearfix'>\n<div class='flex_column_table av-dmyp-2df0bc6c9e3c68e853d15ebb3164c035 sc-av_two_third av-equal-height-column-flextable'>\n<style type=\"text\/css\" data-created_by=\"avia_inline_auto\" id=\"style-css-av-dmyp-2df0bc6c9e3c68e853d15ebb3164c035\">\n.flex_column.av-dmyp-2df0bc6c9e3c68e853d15ebb3164c035{\n-webkit-border-radius:0px 0px 0px 0px;\n-moz-border-radius:0px 0px 0px 0px;\nborder-radius:0px 0px 0px 0px;\npadding:0px 0px 0px 0px;\nbackground-color:#f4f2f2;\n}\n<\/style>\n<div class='flex_column av-dmyp-2df0bc6c9e3c68e853d15ebb3164c035 av_two_third  avia-builder-el-1  el_before_av_one_third  avia-builder-el-first  text-min-height max-w-800 first flex_column_table_cell av-equal-height-column av-align-top av-zero-column-padding '     ><section  class='av_textblock_section av-1aogx-03ee433417651a5a79d5c77a293fabfe'  itemscope=\"itemscope\" itemtype=\"https:\/\/schema.org\/CreativeWork\" ><div class='avia_textblock pink-line-left'  itemprop=\"text\" ><h1>Mit mehr Sensibilisierung bei unseren Mitarbeitern, Lieferanten und Kunden.<\/h1>\n<p>Unser Betrieb wirkt sich durch Emissionen in die Luft und das Wasser, den Transport und den Verbrauch von Rohstoffen auf die Umwelt aus. Wir wollen unsere Umweltauswirkungen verantwortungsvoll und durch aktives Handeln minimieren. Wir haben auch die Anforderungen von Beh\u00f6rden, Kunden und anderen Stakeholdern zu erf\u00fcllen. Wir \u00fcberwachen die Faktoren, die sich auf die Umwelt auswirken k\u00f6nnen, f\u00f6rdern Wissen und Bewusstsein der Mitarbeiter und f\u00fchren einen offenen Dialog, bei dem die Vermeidung von Umweltverschmutzung und kontinuierliche Optimierung im Mittelpunkt stehen. In Verbindung mit der Einhaltung geltender Vorschriften, Gesetze und anderer Anforderungen wird dies unsere Umweltauswirkungen minimieren.<\/p>\n<\/div><\/section><\/div><div class='av-flex-placeholder'><\/div>\n<style type=\"text\/css\" data-created_by=\"avia_inline_auto\" id=\"style-css-av-3k9yx-8f6c5cb86ceefc8203172bb9852e7686\">\n.flex_column.av-3k9yx-8f6c5cb86ceefc8203172bb9852e7686{\n-webkit-border-radius:0px 0px 0px 0px;\n-moz-border-radius:0px 0px 0px 0px;\nborder-radius:0px 0px 0px 0px;\npadding:0px 0px 0px 0px;\nbackground:url(https:\/\/dev.horlewire.com\/wp-content\/uploads\/2019\/10\/environment-horle-web-1030x682.jpg) 50% 50% no-repeat scroll ;\n}\n<\/style>\n<div class='flex_column av-3k9yx-8f6c5cb86ceefc8203172bb9852e7686 av_one_third  avia-builder-el-3  el_after_av_two_third  avia-builder-el-last  hw-image-mobile flex_column_table_cell av-equal-height-column av-align-top av-zero-column-padding avia-full-stretch '     ><\/div><\/div><!--close column table wrapper. Autoclose: 1 -->\n\n<\/div><\/div><\/main><!-- close content main element --><\/div><\/div>\n<style type=\"text\/css\" data-created_by=\"avia_inline_auto\" id=\"style-css-av-2m46p-f58061574524fdf547029b81e4485741\">\n.avia-section.av-2m46p-f58061574524fdf547029b81e4485741{\nmargin-top:0px;\nmargin-bottom:20px;\n}\n<\/style>\n<div id='av_section_2'  class='avia-section av-2m46p-f58061574524fdf547029b81e4485741 main_color avia-section-default avia-no-border-styling  avia-builder-el-4  el_after_av_section  el_before_av_section  hw-container kvalitet-hallbarhet-areas avia-bg-style-scroll container_wrap fullsize'  ><div class='container av-section-cont-open' ><div class='template-page content  av-content-full alpha units'><div class='post-entry post-entry-type-page post-entry-557'><div class='entry-content-wrapper clearfix'>\n\n<style type=\"text\/css\" data-created_by=\"avia_inline_auto\" id=\"style-css-av-1q3y5-34ea958b865ba9f55b9f376a0102a6c5\">\n.flex_column.av-1q3y5-34ea958b865ba9f55b9f376a0102a6c5{\n-webkit-border-radius:0px 0px 0px 0px;\n-moz-border-radius:0px 0px 0px 0px;\nborder-radius:0px 0px 0px 0px;\npadding:0px 0px 0px 0px;\n}\n<\/style>\n<div class='flex_column av-1q3y5-34ea958b865ba9f55b9f376a0102a6c5 av_one_half  avia-builder-el-5  el_before_av_one_half  avia-builder-el-first  text-min-height first flex_column_div av-zero-column-padding '     ><section  class='av_textblock_section av-w68x-4e404bc84d9034f9e06824706843e742'  itemscope=\"itemscope\" itemtype=\"https:\/\/schema.org\/CreativeWork\" ><div class='avia_textblock pink-line-left fade-in-one hw-big-title'  itemprop=\"text\" ><h2>Kundenorientierung<\/h2>\n<p>Wir arbeiten aktiv daran, sicherzustellen, dass unsere Produkte die Anforderungen und Erwartungen von Kunden und anderen Stakeholdern erf\u00fcllen oder \u00fcbertreffen. Wir wollen beispielhafte Kooperationspartner sein und uns gemeinsam mit unseren Kunden weiterentwickeln. Dies erreichen wir, indem wir flexibel auf Anforderungen und W\u00fcnsche eingehen.<\/p>\n<\/div><\/section><\/div>\n<style type=\"text\/css\" data-created_by=\"avia_inline_auto\" id=\"style-css-av-1xg59-fda6b895bc2cae9fb8a31c5859f209df\">\n.flex_column.av-1xg59-fda6b895bc2cae9fb8a31c5859f209df{\n-webkit-border-radius:0px 0px 0px 0px;\n-moz-border-radius:0px 0px 0px 0px;\nborder-radius:0px 0px 0px 0px;\npadding:0px 0px 0px 0px;\n}\n<\/style>\n<div class='flex_column av-1xg59-fda6b895bc2cae9fb8a31c5859f209df av_one_half  avia-builder-el-7  el_after_av_one_half  el_before_av_one_half  text-min-height flex_column_div av-zero-column-padding '     ><section  class='av_textblock_section av-m5ggoy18-90915844c8e282bfb2ffcdd543b2a632'  itemscope=\"itemscope\" itemtype=\"https:\/\/schema.org\/CreativeWork\" ><div class='avia_textblock pink-line-left fade-in-one hw-big-title'  itemprop=\"text\" ><h2>Teamgeist<\/h2>\n<p>Der Mehrwert unserer Arbeit kommt in der Qualit\u00e4t unserer Produkte zum Ausdruck, mit denen wir die Anforderungen und Erwartungen unserer Kunden erf\u00fcllen k\u00f6nnen. Jeder Mitarbeiter \u00fcbernimmt Verantwortung f\u00fcr unseren Betrieb und unsere Produkte und ist stolz darauf. Daf\u00fcr braucht es die richtigen Kompetenzen, Verantwortungsbewusstsein, ein hohes Ma\u00df an Dienstleistungsbereitschaft, messbare Ziele und die Einhaltung geltender Gesetze, Vorschriften und anderer Anforderungen.<\/p>\n<\/div><\/section><\/div>\n<style type=\"text\/css\" data-created_by=\"avia_inline_auto\" id=\"style-css-av-1k8zp-dab27292d8b13dcbcccc2905d4b1248a\">\n.flex_column.av-1k8zp-dab27292d8b13dcbcccc2905d4b1248a{\n-webkit-border-radius:0px 0px 0px 0px;\n-moz-border-radius:0px 0px 0px 0px;\nborder-radius:0px 0px 0px 0px;\npadding:0px 0px 0px 0px;\n}\n<\/style>\n<div class='flex_column av-1k8zp-dab27292d8b13dcbcccc2905d4b1248a av_one_half  avia-builder-el-9  el_after_av_one_half  el_before_av_one_half  text-min-height first flex_column_div av-zero-column-padding column-top-margin'     ><section  class='av_textblock_section av-m5ggpwbn-2bc4378a38cd5f04a60173541bcbfaeb'  itemscope=\"itemscope\" itemtype=\"https:\/\/schema.org\/CreativeWork\" ><div class='avia_textblock pink-line-left fade-in-one hw-big-title'  itemprop=\"text\" ><h2>Qualit\u00e4t<\/h2>\n<p>Wir liefern die vom Kunden erwartete Qualit\u00e4t zur rechten Zeit und zum angemessenen Preis.<\/p>\n<p>Qualit\u00e4tsarbeit sollte ein selbstverst\u00e4ndlicher Bestandteil der t\u00e4glichen Arbeit sein. Wir suchen st\u00e4ndig nach Optimierungen, die zu einer besseren Qualit\u00e4t von Produkten, Arbeit und Managementsystemen f\u00fchren.<\/p>\n<\/div><\/section><\/div>\n<style type=\"text\/css\" data-created_by=\"avia_inline_auto\" id=\"style-css-av-zsq5-2dba4672cb1fb60af197aa4784eb7677\">\n.flex_column.av-zsq5-2dba4672cb1fb60af197aa4784eb7677{\n-webkit-border-radius:0px 0px 0px 0px;\n-moz-border-radius:0px 0px 0px 0px;\nborder-radius:0px 0px 0px 0px;\npadding:0px 0px 0px 0px;\n}\n<\/style>\n<div class='flex_column av-zsq5-2dba4672cb1fb60af197aa4784eb7677 av_one_half  avia-builder-el-11  el_after_av_one_half  avia-builder-el-last  text-min-height flex_column_div av-zero-column-padding column-top-margin'     ><section  class='av_textblock_section av-m5ggrv2t-cabdd6b5ca916c92ed25e05a2c9181ad'  itemscope=\"itemscope\" itemtype=\"https:\/\/schema.org\/CreativeWork\" ><div class='avia_textblock pink-line-left fade-in-one hw-big-title'  itemprop=\"text\" ><h2>ISO<\/h2>\n<p>Selbstverst\u00e4ndlich sind wir ISO-zertifiziert, hier k\u00f6nnen Sie alle unsere Zertifikate einsehen.<\/p>\n<p><a href=\"https:\/\/horlewire.com\/de\/qualitaet-umwelt\/certifikat\/\">Alle Zertifikate ansehen &gt;&gt;<\/a><\/p>\n<\/div><\/section><\/div><\/div><\/div><\/div><!-- close content main div --><\/div><\/div>\n<style type=\"text\/css\" data-created_by=\"avia_inline_auto\" id=\"style-css-av-1osf1-ea68fa198771e2b08b60730ad0b63c5d\">\n.avia-section.av-1osf1-ea68fa198771e2b08b60730ad0b63c5d{\nmargin-top:0px;\nmargin-bottom:20px;\n}\n<\/style>\n<div id='av_section_3'  class='avia-section av-1osf1-ea68fa198771e2b08b60730ad0b63c5d main_color avia-section-default avia-no-border-styling  avia-builder-el-13  el_after_av_section  avia-builder-el-last  hw-container last-section avia-bg-style-scroll container_wrap fullsize'  ><div class='container av-section-cont-open' ><div class='template-page content  av-content-full alpha units'><div class='post-entry post-entry-type-page post-entry-557'><div class='entry-content-wrapper clearfix'>\n<div class='flex_column_table av-m5ggkgzi-2a0dd70bcf8e786dc1fc2e1f26c579f1 sc-av_two_third av-equal-height-column-flextable'>\n<style type=\"text\/css\" data-created_by=\"avia_inline_auto\" id=\"style-css-av-m5ggkgzi-2a0dd70bcf8e786dc1fc2e1f26c579f1\">\n.flex_column.av-m5ggkgzi-2a0dd70bcf8e786dc1fc2e1f26c579f1{\n-webkit-border-radius:0px 0px 0px 0px;\n-moz-border-radius:0px 0px 0px 0px;\nborder-radius:0px 0px 0px 0px;\npadding:0px 0px 0px 0px;\nbackground-color:#f4f2f2;\n}\n<\/style>\n<div class='flex_column av-m5ggkgzi-2a0dd70bcf8e786dc1fc2e1f26c579f1 av_two_third  avia-builder-el-14  el_before_av_one_third  avia-builder-el-first  text-min-height max-w-800 first flex_column_table_cell av-equal-height-column av-align-top av-zero-column-padding '     ><section  class='av_textblock_section av-m5ggkyqw-2fce5b008ec5c9bce42199fddcdb6b7b'  itemscope=\"itemscope\" itemtype=\"https:\/\/schema.org\/CreativeWork\" ><div class='avia_textblock pink-line-left hw-big-title'  itemprop=\"text\" ><h2>Mit unserem Testcenter k\u00f6nnen wir unseren Kunden eine garantiert hohe Qualit\u00e4t bieten<\/h2>\n<p>Testl\u00e4ufe, Pr\u00fcfungen, Qualit\u00e4tskontrolle \u2013 wir \u00fcberlassen nichts dem Zufall. Wir von H\u00f6rle Wire stehen f\u00fcr eine hohe und gleichbleibende Qualit\u00e4t unserer Produkte. In unserem Testcenter \u00fcberpr\u00fcfen wir regelm\u00e4\u00dfig Materialien, Produkte und Qualit\u00e4tsmerkmale.<\/p>\n<p><a href=\"https:\/\/horlewire.com\/kvalitet-och-hallbarhet\/testcenter\/\">Lesen Sie mehr \u00fcber unser Testcenter &gt;&gt;<\/a><\/p>\n<\/div><\/section><\/div><div class='av-flex-placeholder'><\/div>\n<style type=\"text\/css\" data-created_by=\"avia_inline_auto\" id=\"style-css-av-159pt-091d5e099d03117ef90b36a0f6e9aa19\">\n.flex_column.av-159pt-091d5e099d03117ef90b36a0f6e9aa19{\n-webkit-border-radius:0px 0px 0px 0px;\n-moz-border-radius:0px 0px 0px 0px;\nborder-radius:0px 0px 0px 0px;\npadding:0px 0px 0px 0px;\nbackground:url(https:\/\/dev.horlewire.com\/wp-content\/uploads\/2025\/01\/kvalitet-hallbarhet-267x300.jpg) 50% 50% no-repeat scroll ;\n}\n<\/style>\n<div class='flex_column av-159pt-091d5e099d03117ef90b36a0f6e9aa19 av_one_third  avia-builder-el-16  el_after_av_two_third  avia-builder-el-last  hw-image-mobile flex_column_table_cell av-equal-height-column av-align-top av-zero-column-padding avia-full-stretch '     ><\/div><\/div><!--close column table wrapper. Autoclose: 1 -->\n\n","protected":false},"excerpt":{"rendered":"","protected":false},"author":1,"featured_media":0,"parent":0,"menu_order":0,"comment_status":"closed","ping_status":"closed","template":"","meta":{"_acf_changed":false,"footnotes":""},"class_list":["post-557","page","type-page","status-publish","hentry"],"acf":[],"yoast_head":"<!-- This site is optimized with the Yoast SEO plugin v25.0 - https:\/\/yoast.com\/wordpress\/plugins\/seo\/ -->\n<title>H\u00f6rle Wire | Vi tar aktivt ansvar f\u00f6r milj\u00f6n | Kvalitet och milj\u00f6<\/title>\n<meta name=\"description\" content=\"Vi tar aktivt ansvar f\u00f6r milj\u00f6n och arbetar f\u00f6r att minimera v\u00e5r milj\u00f6p\u00e5verkan. L\u00e4s mer om hur vi p\u00e5 H\u00f6rle Wire arbetar med kvalitet och milj\u00f6.\" \/>\n<meta name=\"robots\" content=\"index, follow, max-snippet:-1, max-image-preview:large, max-video-preview:-1\" \/>\n<link rel=\"canonical\" href=\"https:\/\/dev.horlewire.com\/de\/qualitaet-umwelt\/\" \/>\n<meta property=\"og:locale\" content=\"de_DE\" \/>\n<meta property=\"og:type\" content=\"article\" \/>\n<meta property=\"og:title\" content=\"H\u00f6rle Wire | Vi tar aktivt ansvar f\u00f6r milj\u00f6n | Kvalitet och milj\u00f6\" \/>\n<meta property=\"og:description\" content=\"Vi tar aktivt ansvar f\u00f6r milj\u00f6n och arbetar f\u00f6r att minimera v\u00e5r milj\u00f6p\u00e5verkan. L\u00e4s mer om hur vi p\u00e5 H\u00f6rle Wire arbetar med kvalitet och milj\u00f6.\" \/>\n<meta property=\"og:url\" content=\"https:\/\/dev.horlewire.com\/de\/qualitaet-umwelt\/\" \/>\n<meta property=\"og:site_name\" content=\"H\u00f6rle Wire\" \/>\n<meta property=\"article:modified_time\" content=\"2025-03-24T09:15:14+00:00\" \/>\n<meta name=\"twitter:card\" content=\"summary_large_image\" \/>\n<meta name=\"twitter:label1\" content=\"Gesch\u00e4tzte Lesezeit\" \/>\n\t<meta name=\"twitter:data1\" content=\"2\u00a0Minuten\" \/>\n<script type=\"application\/ld+json\" class=\"yoast-schema-graph\">{\"@context\":\"https:\/\/schema.org\",\"@graph\":[{\"@type\":\"WebPage\",\"@id\":\"https:\/\/dev.horlewire.com\/de\/qualitaet-umwelt\/\",\"url\":\"https:\/\/dev.horlewire.com\/de\/qualitaet-umwelt\/\",\"name\":\"H\u00f6rle Wire | Vi tar aktivt ansvar f\u00f6r milj\u00f6n | Kvalitet och milj\u00f6\",\"isPartOf\":{\"@id\":\"https:\/\/dev.horlewire.com\/en\/#website\"},\"datePublished\":\"2019-09-23T19:07:32+00:00\",\"dateModified\":\"2025-03-24T09:15:14+00:00\",\"description\":\"Vi tar aktivt ansvar f\u00f6r milj\u00f6n och arbetar f\u00f6r att minimera v\u00e5r milj\u00f6p\u00e5verkan. L\u00e4s mer om hur vi p\u00e5 H\u00f6rle Wire arbetar med kvalitet och milj\u00f6.\",\"breadcrumb\":{\"@id\":\"https:\/\/dev.horlewire.com\/de\/qualitaet-umwelt\/#breadcrumb\"},\"inLanguage\":\"de\",\"potentialAction\":[{\"@type\":\"ReadAction\",\"target\":[\"https:\/\/dev.horlewire.com\/de\/qualitaet-umwelt\/\"]}]},{\"@type\":\"BreadcrumbList\",\"@id\":\"https:\/\/dev.horlewire.com\/de\/qualitaet-umwelt\/#breadcrumb\",\"itemListElement\":[{\"@type\":\"ListItem\",\"position\":1,\"name\":\"Hem\",\"item\":\"https:\/\/dev.horlewire.com\/de\/\"},{\"@type\":\"ListItem\",\"position\":2,\"name\":\"Qualit\u00e4t und Umwelt\"}]},{\"@type\":\"WebSite\",\"@id\":\"https:\/\/dev.horlewire.com\/en\/#website\",\"url\":\"https:\/\/dev.horlewire.com\/en\/\",\"name\":\"H\u00f6rle Wire\",\"description\":\"Welcome to H\u00f6rle Wire Group\",\"potentialAction\":[{\"@type\":\"SearchAction\",\"target\":{\"@type\":\"EntryPoint\",\"urlTemplate\":\"https:\/\/dev.horlewire.com\/en\/?s={search_term_string}\"},\"query-input\":{\"@type\":\"PropertyValueSpecification\",\"valueRequired\":true,\"valueName\":\"search_term_string\"}}],\"inLanguage\":\"de\"}]}<\/script>\n<!-- \/ Yoast SEO plugin. -->","yoast_head_json":{"title":"H\u00f6rle Wire | Vi tar aktivt ansvar f\u00f6r milj\u00f6n | Kvalitet och milj\u00f6","description":"Vi tar aktivt ansvar f\u00f6r milj\u00f6n och arbetar f\u00f6r att minimera v\u00e5r milj\u00f6p\u00e5verkan. L\u00e4s mer om hur vi p\u00e5 H\u00f6rle Wire arbetar med kvalitet och milj\u00f6.","robots":{"index":"index","follow":"follow","max-snippet":"max-snippet:-1","max-image-preview":"max-image-preview:large","max-video-preview":"max-video-preview:-1"},"canonical":"https:\/\/dev.horlewire.com\/de\/qualitaet-umwelt\/","og_locale":"de_DE","og_type":"article","og_title":"H\u00f6rle Wire | Vi tar aktivt ansvar f\u00f6r milj\u00f6n | Kvalitet och milj\u00f6","og_description":"Vi tar aktivt ansvar f\u00f6r milj\u00f6n och arbetar f\u00f6r att minimera v\u00e5r milj\u00f6p\u00e5verkan. L\u00e4s mer om hur vi p\u00e5 H\u00f6rle Wire arbetar med kvalitet och milj\u00f6.","og_url":"https:\/\/dev.horlewire.com\/de\/qualitaet-umwelt\/","og_site_name":"H\u00f6rle Wire","article_modified_time":"2025-03-24T09:15:14+00:00","twitter_card":"summary_large_image","twitter_misc":{"Gesch\u00e4tzte Lesezeit":"2\u00a0Minuten"},"schema":{"@context":"https:\/\/schema.org","@graph":[{"@type":"WebPage","@id":"https:\/\/dev.horlewire.com\/de\/qualitaet-umwelt\/","url":"https:\/\/dev.horlewire.com\/de\/qualitaet-umwelt\/","name":"H\u00f6rle Wire | Vi tar aktivt ansvar f\u00f6r milj\u00f6n | Kvalitet och milj\u00f6","isPartOf":{"@id":"https:\/\/dev.horlewire.com\/en\/#website"},"datePublished":"2019-09-23T19:07:32+00:00","dateModified":"2025-03-24T09:15:14+00:00","description":"Vi tar aktivt ansvar f\u00f6r milj\u00f6n och arbetar f\u00f6r att minimera v\u00e5r milj\u00f6p\u00e5verkan. L\u00e4s mer om hur vi p\u00e5 H\u00f6rle Wire arbetar med kvalitet och milj\u00f6.","breadcrumb":{"@id":"https:\/\/dev.horlewire.com\/de\/qualitaet-umwelt\/#breadcrumb"},"inLanguage":"de","potentialAction":[{"@type":"ReadAction","target":["https:\/\/dev.horlewire.com\/de\/qualitaet-umwelt\/"]}]},{"@type":"BreadcrumbList","@id":"https:\/\/dev.horlewire.com\/de\/qualitaet-umwelt\/#breadcrumb","itemListElement":[{"@type":"ListItem","position":1,"name":"Hem","item":"https:\/\/dev.horlewire.com\/de\/"},{"@type":"ListItem","position":2,"name":"Qualit\u00e4t und Umwelt"}]},{"@type":"WebSite","@id":"https:\/\/dev.horlewire.com\/en\/#website","url":"https:\/\/dev.horlewire.com\/en\/","name":"H\u00f6rle Wire","description":"Welcome to H\u00f6rle Wire Group","potentialAction":[{"@type":"SearchAction","target":{"@type":"EntryPoint","urlTemplate":"https:\/\/dev.horlewire.com\/en\/?s={search_term_string}"},"query-input":{"@type":"PropertyValueSpecification","valueRequired":true,"valueName":"search_term_string"}}],"inLanguage":"de"}]}},"_links":{"self":[{"href":"https:\/\/dev.horlewire.com\/de\/wp-json\/wp\/v2\/pages\/557","targetHints":{"allow":["GET"]}}],"collection":[{"href":"https:\/\/dev.horlewire.com\/de\/wp-json\/wp\/v2\/pages"}],"about":[{"href":"https:\/\/dev.horlewire.com\/de\/wp-json\/wp\/v2\/types\/page"}],"author":[{"embeddable":true,"href":"https:\/\/dev.horlewire.com\/de\/wp-json\/wp\/v2\/users\/1"}],"replies":[{"embeddable":true,"href":"https:\/\/dev.horlewire.com\/de\/wp-json\/wp\/v2\/comments?post=557"}],"version-history":[{"count":20,"href":"https:\/\/dev.horlewire.com\/de\/wp-json\/wp\/v2\/pages\/557\/revisions"}],"predecessor-version":[{"id":6377,"href":"https:\/\/dev.horlewire.com\/de\/wp-json\/wp\/v2\/pages\/557\/revisions\/6377"}],"wp:attachment":[{"href":"https:\/\/dev.horlewire.com\/de\/wp-json\/wp\/v2\/media?parent=557"}],"curies":[{"name":"wp","href":"https:\/\/api.w.org\/{rel}","templated":true}]}}