{"id":5051,"date":"2024-12-20T09:01:59","date_gmt":"2024-12-20T09:01:59","guid":{"rendered":"https:\/\/dev.horlewire.com\/vad-vi-gor\/"},"modified":"2025-02-24T16:01:55","modified_gmt":"2025-02-24T16:01:55","slug":"was-wir-machen","status":"publish","type":"page","link":"https:\/\/dev.horlewire.com\/de\/was-wir-machen\/","title":{"rendered":"Was wir machen"},"content":{"rendered":"\n<style type=\"text\/css\" data-created_by=\"avia_inline_auto\" id=\"style-css-av-k0xv6ke6-33036b043749c91aa34b840b9180cadd\">\n.avia-section.av-k0xv6ke6-33036b043749c91aa34b840b9180cadd{\nmargin-top:0px;\nmargin-bottom:20px;\n}\n<\/style>\n<div id='av_section_1'  class='avia-section av-k0xv6ke6-33036b043749c91aa34b840b9180cadd main_color avia-section-default avia-no-border-styling  avia-builder-el-0  el_before_av_section  avia-builder-el-first  hw-top-container large-margin-bottom avia-bg-style-scroll av-minimum-height av-minimum-height-custom  container_wrap fullsize'   data-av_minimum_height_px='433'><div class='container av-section-cont-open' style='height:433px'><main  role=\"main\" itemprop=\"mainContentOfPage\"  class='template-page content  av-content-full alpha units'><div class='post-entry post-entry-type-page post-entry-5051'><div class='entry-content-wrapper clearfix'>\n\n<style type=\"text\/css\" data-created_by=\"avia_inline_auto\" id=\"style-css-av-k0xvhmox-2ea815adea10f2b39ad7f606c599cb91\">\n.flex_column.av-k0xvhmox-2ea815adea10f2b39ad7f606c599cb91{\n-webkit-border-radius:0px 0px 0px 0px;\n-moz-border-radius:0px 0px 0px 0px;\nborder-radius:0px 0px 0px 0px;\npadding:0px 0px 0px 0px;\nbackground:url(https:\/\/dev.horlewire.com\/wp-content\/uploads\/2024\/12\/vad-vi-gor-top.jpg) 50% 50% no-repeat scroll ;\n}\n<\/style>\n<div class='flex_column av-k0xvhmox-2ea815adea10f2b39ad7f606c599cb91 av_one_full  avia-builder-el-1  avia-builder-el-no-sibling  first flex_column_div av-zero-column-padding avia-full-stretch '     ><\/div>\n\n<\/div><\/div><\/main><!-- close content main element --><\/div><\/div>\n<style type=\"text\/css\" data-created_by=\"avia_inline_auto\" id=\"style-css-av-1p0uj-42f879a39b6f3c2be5c10d11283d4df3\">\n.avia-section.av-1p0uj-42f879a39b6f3c2be5c10d11283d4df3{\nmargin-top:0px;\nmargin-bottom:20px;\n}\n<\/style>\n<div id='av_section_2'  class='avia-section av-1p0uj-42f879a39b6f3c2be5c10d11283d4df3 main_color avia-section-default avia-no-border-styling  avia-builder-el-2  el_after_av_section  el_before_av_section  hw-container large-margin-bottom avia-bg-style-scroll container_wrap fullsize'  ><div class='container av-section-cont-open' ><div class='template-page content  av-content-full alpha units'><div class='post-entry post-entry-type-page post-entry-5051'><div class='entry-content-wrapper clearfix'>\n<div class='flex_column_table av-k0xtxj6r-9f89289f2e8e59f4cb1187636aef7ebf sc-av_one_half av-equal-height-column-flextable'>\n<style type=\"text\/css\" data-created_by=\"avia_inline_auto\" id=\"style-css-av-k0xtxj6r-9f89289f2e8e59f4cb1187636aef7ebf\">\n.flex_column.av-k0xtxj6r-9f89289f2e8e59f4cb1187636aef7ebf{\n-webkit-border-radius:0px 0px 0px 0px;\n-moz-border-radius:0px 0px 0px 0px;\nborder-radius:0px 0px 0px 0px;\npadding:0px 0px 0px 0px;\nbackground-color:#ffffff;\n}\n<\/style>\n<div class='flex_column av-k0xtxj6r-9f89289f2e8e59f4cb1187636aef7ebf av_one_half  avia-builder-el-3  el_before_av_one_half  avia-builder-el-first  pink-long-line-left invalid-custom-class-found hw-big-title first flex_column_table_cell av-equal-height-column av-align-top av-zero-column-padding '     ><section  class='av_textblock_section av-k0xty3p5-9f35a25092ec3c6d27904f6b32387870'  itemscope=\"itemscope\" itemtype=\"https:\/\/schema.org\/CreativeWork\" ><div class='avia_textblock pink-long-line-left'  itemprop=\"text\" ><h2>Was gibt es Wissenswertes \u00fcber Draht?<\/h2>\n<\/div><\/section><\/div><div class='av-flex-placeholder'><\/div>\n<style type=\"text\/css\" data-created_by=\"avia_inline_auto\" id=\"style-css-av-g50ku2-25201315d6a304a47448489cb6fc93f5\">\n.flex_column.av-g50ku2-25201315d6a304a47448489cb6fc93f5{\n-webkit-border-radius:0px 0px 0px 0px;\n-moz-border-radius:0px 0px 0px 0px;\nborder-radius:0px 0px 0px 0px;\npadding:0px 0px 0px 0px;\nbackground-color:#ffffff;\n}\n<\/style>\n<div class='flex_column av-g50ku2-25201315d6a304a47448489cb6fc93f5 av_one_half  avia-builder-el-5  el_after_av_one_half  avia-builder-el-last  hw-small-title flex_column_table_cell av-equal-height-column av-align-top av-zero-column-padding '     ><section  class='av_textblock_section av-m4wir1o0-b4f2b01c6654431c192a49acda0c7005'  itemscope=\"itemscope\" itemtype=\"https:\/\/schema.org\/CreativeWork\" ><div class='avia_textblock fade-in-one'  itemprop=\"text\" ><h1 class=\"black-brackets\">Deshalb entscheiden sich unsere Kunden f\u00fcr H\u00f6rle Wire.<\/h1>\n<p>Gemeinsam mit unseren Kunden kann unser Draht Wunder bewirken. Wir glauben an Partnerschaften und langfristige Beziehungen, in denen wir zum Wachstum unserer Kunden beitragen. Gemeinsam mit unseren Kunden und Lieferanten schaffen wir einen effizienten Ablauf von der Bestellung bis zur Lieferung. Durch unsere langj\u00e4hrige Erfahrung und unser gro\u00dfes Interesse f\u00fcr alles rund um den Draht entwickeln wir uns st\u00e4ndig weiter, um die W\u00fcnsche und Anforderungen unserer Kunden zu erf\u00fcllen.<\/p>\n<\/div><\/section><\/div><\/div><!--close column table wrapper. Autoclose: 1 -->\n\n<\/div><\/div><\/div><!-- close content main div --><\/div><\/div>\n<style type=\"text\/css\" data-created_by=\"avia_inline_auto\" id=\"style-css-av-ehxqh6-6c56227e3924f2c2d098182fbff25963\">\n.avia-section.av-ehxqh6-6c56227e3924f2c2d098182fbff25963{\nmargin-top:0px;\nmargin-bottom:20px;\n}\n<\/style>\n<div id='av_section_3'  class='avia-section av-ehxqh6-6c56227e3924f2c2d098182fbff25963 main_color avia-section-default avia-no-border-styling  avia-builder-el-7  el_after_av_section  el_before_av_section  hw-container large-margin-bottom avia-bg-style-scroll container_wrap fullsize'  ><div class='container av-section-cont-open' ><div class='template-page content  av-content-full alpha units'><div class='post-entry post-entry-type-page post-entry-5051'><div class='entry-content-wrapper clearfix'>\n<div class='flex_column_table av-c36g7e-3125a61d3b6c9869913fbff45f62c76e sc-av_one_half av-equal-height-column-flextable'>\n<style type=\"text\/css\" data-created_by=\"avia_inline_auto\" id=\"style-css-av-c36g7e-3125a61d3b6c9869913fbff45f62c76e\">\n.flex_column.av-c36g7e-3125a61d3b6c9869913fbff45f62c76e{\n-webkit-border-radius:0px 0px 0px 0px;\n-moz-border-radius:0px 0px 0px 0px;\nborder-radius:0px 0px 0px 0px;\npadding:0px 0px 0px 0px;\nbackground:url(https:\/\/dev.horlewire.com\/wp-content\/uploads\/2024\/12\/vad-vi-gor2.jpg) 50% 50% no-repeat scroll ;\n}\n<\/style>\n<div class='flex_column av-c36g7e-3125a61d3b6c9869913fbff45f62c76e av_one_half  avia-builder-el-8  el_before_av_one_half  avia-builder-el-first  hw-image-mobile first flex_column_table_cell av-equal-height-column av-align-middle av-zero-column-padding avia-full-stretch '     ><\/div><div class='av-flex-placeholder'><\/div>\n<style type=\"text\/css\" data-created_by=\"avia_inline_auto\" id=\"style-css-av-m4wisa49-df523921e9acaf4b3862273baeb17c47\">\n.flex_column.av-m4wisa49-df523921e9acaf4b3862273baeb17c47{\n-webkit-border-radius:0px 0px 0px 0px;\n-moz-border-radius:0px 0px 0px 0px;\nborder-radius:0px 0px 0px 0px;\npadding:0px 0px 0px 0px;\nbackground-color:#ffffff;\n}\n<\/style>\n<div class='flex_column av-m4wisa49-df523921e9acaf4b3862273baeb17c47 av_one_half  avia-builder-el-9  el_after_av_one_half  avia-builder-el-last  pink-long-line-left invalid-custom-class-found flex_column_table_cell av-equal-height-column av-align-middle av-zero-column-padding '     ><section  class='av_textblock_section av-m4wis2ys-4b4711529f99352ce864fe1e33aac902'  itemscope=\"itemscope\" itemtype=\"https:\/\/schema.org\/CreativeWork\" ><div class='avia_textblock fade-in-one hw-big-title'  itemprop=\"text\" ><h2>Ein Draht von h\u00f6chster Qualit\u00e4t<\/h2>\n<p>Durch unseren hochmodernen Maschinenpark sind wir in der Lage, eine unschlagbar gleichbleibende und zuverl\u00e4ssige Qualit\u00e4t zu bieten. Unsere Erfahrung in der Branche und das hohe Ma\u00df an Fachwissen innerhalb des Unternehmens machen uns zu \u201eNerds\u201c in Sachen Draht. Wir entwickeln ma\u00dfgeschneiderte L\u00f6sungen f\u00fcr unsere Kunden, basierend auf Bedarf, Qualit\u00e4tsanforderungen und Quantit\u00e4t.<\/p>\n<\/div><\/section><\/div><\/div><!--close column table wrapper. Autoclose: 1 -->\n\n<\/div><\/div><\/div><!-- close content main div --><\/div><\/div>\n<style type=\"text\/css\" data-created_by=\"avia_inline_auto\" id=\"style-css-av-a3v5d6-43da8307757df7147c9db0bf24bfc9f2\">\n.avia-section.av-a3v5d6-43da8307757df7147c9db0bf24bfc9f2{\nmargin-top:0px;\nmargin-bottom:20px;\n}\n<\/style>\n<div id='av_section_4'  class='avia-section av-a3v5d6-43da8307757df7147c9db0bf24bfc9f2 main_color avia-section-default avia-no-border-styling  avia-builder-el-11  el_after_av_section  el_before_av_section  hw-container large-margin-bottom avia-bg-style-scroll container_wrap fullsize'  ><div class='container av-section-cont-open' ><div class='template-page content  av-content-full alpha units'><div class='post-entry post-entry-type-page post-entry-5051'><div class='entry-content-wrapper clearfix'>\n<div class='flex_column_table av-8qvdzu-5be0f662859d7a430e43517f8e76b5d3 sc-av_one_half av-equal-height-column-flextable'>\n<style type=\"text\/css\" data-created_by=\"avia_inline_auto\" id=\"style-css-av-8qvdzu-5be0f662859d7a430e43517f8e76b5d3\">\n.flex_column.av-8qvdzu-5be0f662859d7a430e43517f8e76b5d3{\n-webkit-border-radius:0px 0px 0px 0px;\n-moz-border-radius:0px 0px 0px 0px;\nborder-radius:0px 0px 0px 0px;\npadding:0px 0px 0px 0px;\nbackground-color:#ffffff;\n}\n<\/style>\n<div class='flex_column av-8qvdzu-5be0f662859d7a430e43517f8e76b5d3 av_one_half  avia-builder-el-12  el_before_av_one_half  avia-builder-el-first  pink-long-line-left invalid-custom-class-found hw-big-title first flex_column_table_cell av-equal-height-column av-align-middle av-zero-column-padding '     ><section  class='av_textblock_section av-m4witc6y-e48a4f4c08092163f21ee5443cc91a99'  itemscope=\"itemscope\" itemtype=\"https:\/\/schema.org\/CreativeWork\" ><div class='avia_textblock fade-in-one'  itemprop=\"text\" ><h2>Spezialisten f\u00fcr kundenspezifische Gesamtl\u00f6sungen<\/h2>\n<p class=\"p1\">Wir produzieren und verarbeiten ein breites Spektrum an Stahldr\u00e4hten und Drahtprodukten und beliefern viele Anwendungsbereiche. Mit jahrelanger Erfahrung und einem hohen Ma\u00df an Materialkenntnis sind wir darauf spezialisiert, kundenindividuelle Gesamtl\u00f6sungen zu schaffen. Wir arbeiten kontinuierlich an der Weiterentwicklung und Verbesserung der Qualit\u00e4t unserer Produkte, um den Anforderungen unserer Kunden f\u00fcr den Einsatz in verschiedenen Fertigungsprozessen gerecht zu werden.<\/p>\n<\/div><\/section><\/div><div class='av-flex-placeholder'><\/div>\n<style type=\"text\/css\" data-created_by=\"avia_inline_auto\" id=\"style-css-av-7e8x0q-33ebeada2ae044ebf430dfad734a528a\">\n.flex_column.av-7e8x0q-33ebeada2ae044ebf430dfad734a528a{\n-webkit-border-radius:0px 0px 0px 0px;\n-moz-border-radius:0px 0px 0px 0px;\nborder-radius:0px 0px 0px 0px;\npadding:0px 0px 0px 0px;\nbackground:url(https:\/\/dev.horlewire.com\/wp-content\/uploads\/2024\/12\/vad-vi-gor3.jpg) 50% 50% no-repeat scroll ;\n}\n<\/style>\n<div class='flex_column av-7e8x0q-33ebeada2ae044ebf430dfad734a528a av_one_half  avia-builder-el-14  el_after_av_one_half  avia-builder-el-last  hw-image-mobile flex_column_table_cell av-equal-height-column av-align-middle av-zero-column-padding avia-full-stretch '     ><\/div><\/div><!--close column table wrapper. Autoclose: 1 -->\n\n<\/div><\/div><\/div><!-- close content main div --><\/div><\/div>\n<style type=\"text\/css\" data-created_by=\"avia_inline_auto\" id=\"style-css-av-5k5sve-1fffc1db79ca468e6bed8300c1a3bb60\">\n.avia-section.av-5k5sve-1fffc1db79ca468e6bed8300c1a3bb60{\nmargin-top:0px;\nmargin-bottom:20px;\n}\n<\/style>\n<div id='av_section_5'  class='avia-section av-5k5sve-1fffc1db79ca468e6bed8300c1a3bb60 main_color avia-section-default avia-no-border-styling  avia-builder-el-15  el_after_av_section  el_before_av_one_full  hw-container large-margin-bottom avia-bg-style-scroll container_wrap fullsize'  ><div class='container av-section-cont-open' ><div class='template-page content  av-content-full alpha units'><div class='post-entry post-entry-type-page post-entry-5051'><div class='entry-content-wrapper clearfix'>\n<div class='flex_column_table av-3ya1fu-cf74e0f8632637eb65dfbc31fdd3d299 sc-av_one_half av-equal-height-column-flextable'>\n<style type=\"text\/css\" data-created_by=\"avia_inline_auto\" id=\"style-css-av-3ya1fu-cf74e0f8632637eb65dfbc31fdd3d299\">\n.flex_column.av-3ya1fu-cf74e0f8632637eb65dfbc31fdd3d299{\n-webkit-border-radius:0px 0px 0px 0px;\n-moz-border-radius:0px 0px 0px 0px;\nborder-radius:0px 0px 0px 0px;\npadding:0px 0px 0px 0px;\nbackground:url(https:\/\/dev.horlewire.com\/wp-content\/uploads\/2024\/12\/vad-vi-gor4.jpg) 50% 50% no-repeat scroll ;\n}\n<\/style>\n<div class='flex_column av-3ya1fu-cf74e0f8632637eb65dfbc31fdd3d299 av_one_half  avia-builder-el-16  el_before_av_one_half  avia-builder-el-first  hw-image-mobile first flex_column_table_cell av-equal-height-column av-align-middle av-zero-column-padding avia-full-stretch '     ><\/div><div class='av-flex-placeholder'><\/div>\n<style type=\"text\/css\" data-created_by=\"avia_inline_auto\" id=\"style-css-av-2wcaru-db8481a8ae1cc21c9df3b087be6fd0ca\">\n.flex_column.av-2wcaru-db8481a8ae1cc21c9df3b087be6fd0ca{\n-webkit-border-radius:0px 0px 0px 0px;\n-moz-border-radius:0px 0px 0px 0px;\nborder-radius:0px 0px 0px 0px;\npadding:0px 0px 0px 0px;\nbackground-color:#ffffff;\n}\n<\/style>\n<div class='flex_column av-2wcaru-db8481a8ae1cc21c9df3b087be6fd0ca av_one_half  avia-builder-el-17  el_after_av_one_half  avia-builder-el-last  pink-long-line-left invalid-custom-class-found hw-big-title flex_column_table_cell av-equal-height-column av-align-middle av-zero-column-padding '     ><section  class='av_textblock_section av-m4wiudob-58b4fac6b46f5bb0aaaeb1780f08a09f'  itemscope=\"itemscope\" itemtype=\"https:\/\/schema.org\/CreativeWork\" ><div class='avia_textblock fade-in-one'  itemprop=\"text\" ><h2>Ein Lieferant f\u00fcr ganz Europa<\/h2>\n<p>Von H\u00f6rle, der industriell dichtesten Region Schwedens, bis nach Hagen in Deutschland und Nitra in der Slowakei. Mit drei Produktionsstandorten bieten wir effiziente Produktions- und Produktfl\u00fcsse mit guter Anbindung nach ganz Europa. Um unsere Produkte mit hoher Verf\u00fcgbarkeit und Lieferzuverl\u00e4ssigkeit anbieten zu k\u00f6nnen, verf\u00fcgen wir zudem \u00fcber Vertriebsniederlassungen in zahlreichen weiteren L\u00e4ndern Europas. Das macht uns zu einem wettbewerbsf\u00e4higen und zuverl\u00e4ssigen Partner f\u00fcr die europ\u00e4ische Fertigungsindustrie.<\/p>\n<\/div><\/section><\/div><\/div><!--close column table wrapper. Autoclose: 1 -->\n<\/div><\/div><\/div><!-- close content main div --><\/div><\/div><div id='after_section_5'  class='main_color av_default_container_wrap container_wrap fullsize'  ><div class='container av-section-cont-open' ><div class='template-page content  av-content-full alpha units'><div class='post-entry post-entry-type-page post-entry-5051'><div class='entry-content-wrapper clearfix'>\n\n<style type=\"text\/css\" data-created_by=\"avia_inline_auto\" id=\"style-css-av-m4wn2cgv-2d8490e7554aa5f729d7ac23e415c856\">\n.flex_column.av-m4wn2cgv-2d8490e7554aa5f729d7ac23e415c856{\n-webkit-border-radius:0px 0px 0px 0px;\n-moz-border-radius:0px 0px 0px 0px;\nborder-radius:0px 0px 0px 0px;\npadding:0 0 0 0;\nbackground-color:#ffffff;\n}\n<\/style>\n<div class='flex_column av-m4wn2cgv-2d8490e7554aa5f729d7ac23e415c856 av_one_full  avia-builder-el-19  el_after_av_section  el_before_av_section  avia-builder-el-no-sibling  pink-center-line hw-container first flex_column_div av-zero-column-padding '     ><section  class='av_textblock_section av-m4wn3voa-a514beb380d9bbf70fef7f149e043f23'  itemscope=\"itemscope\" itemtype=\"https:\/\/schema.org\/CreativeWork\" ><div class='avia_textblock pink-long-line-center hw-big-title'  itemprop=\"text\" ><h2 style=\"text-align: center;\">Fragen Sie uns!<\/h2>\n<p style=\"text-align: center;\">Sie haben Fragen oder Anliegen?<br \/>\nKontaktieren Sie uns und wir helfen Ihnen weiter!<\/p>\n<\/div><\/section><\/div>\n<\/div><\/div><\/div><!-- close content main div --><\/div><\/div>\n<style type=\"text\/css\" data-created_by=\"avia_inline_auto\" id=\"style-css-av-av_section-194b2706413d9537f0713de8d4b37020\">\n.avia-section.av-av_section-194b2706413d9537f0713de8d4b37020{\nbackground-color:#ffffff;\nbackground-image:unset;\n}\n<\/style>\n<div id='av_section_6'  class='avia-section av-av_section-194b2706413d9537f0713de8d4b37020 main_color avia-section-default avia-no-border-styling  avia-builder-el-21  el_after_av_one_full  avia-builder-el-last  hw-contact-form hw-blockb-cont-form-c hw-container avia-bg-style-scroll container_wrap fullsize'  ><div class='container av-section-cont-open' ><div class='template-page content  av-content-full alpha units'><div class='post-entry post-entry-type-page post-entry-5051'><div class='entry-content-wrapper clearfix'>\n<div class='flex_column av-av_one_full-7714eba142aeda1f8b5272a3c372b279 av_one_full  avia-builder-el-22  el_before_av_one_half  avia-builder-el-first  first flex_column_div '     ><section  class='av_textblock_section av-m7j6h2ix-2381e0346265438a1436d5a0982794f7'  itemscope=\"itemscope\" itemtype=\"https:\/\/schema.org\/CreativeWork\" ><div class='avia_textblock caslon-bold'  itemprop=\"text\" ><p>Sie haben Fragen? Nehmen Sie Kontakt mit uns auf!<\/p>\n<\/div><\/section><\/div><div class='flex_column_table av-av_one_half-0a887b58a0a162ade589d3e6a41c45de sc-av_one_half av-equal-height-column-flextable'><div class='flex_column av-av_one_half-0a887b58a0a162ade589d3e6a41c45de av_one_half  avia-builder-el-24  el_after_av_one_full  el_before_av_one_half  first flex_column_table_cell av-equal-height-column av-align-top column-top-margin'     ><style type=\"text\/css\" data-created_by=\"avia_inline_auto\" id=\"style-css-av-av_image-21b0884cabc546cfdceec174bd48fbd3\">\n.avia-image-container.av-av_image-21b0884cabc546cfdceec174bd48fbd3 img.avia_image{\nbox-shadow:none;\n}\n.avia-image-container.av-av_image-21b0884cabc546cfdceec174bd48fbd3 .av-image-caption-overlay-center{\ncolor:#ffffff;\n}\n<\/style>\n<div  class='avia-image-container av-av_image-21b0884cabc546cfdceec174bd48fbd3 av-styling- avia-align-center  avia-builder-el-25  avia-builder-el-no-sibling '   itemprop=\"image\" itemscope=\"itemscope\" itemtype=\"https:\/\/schema.org\/ImageObject\" ><div class=\"avia-image-container-inner\"><div class=\"avia-image-overlay-wrap\"><img fetchpriority=\"high\" decoding=\"async\" fetchpriority=\"high\" class='wp-image-5896 avia-img-lazy-loading-not-5896 avia_image ' src=\"https:\/\/dev.horlewire.com\/wp-content\/uploads\/2025\/02\/59A1934-1030x734.jpg\" alt='' title='_59A1934'  height=\"734\" width=\"1030\"  itemprop=\"thumbnailUrl\" srcset=\"https:\/\/dev.horlewire.com\/wp-content\/uploads\/2025\/02\/59A1934-1030x734.jpg 1030w, https:\/\/dev.horlewire.com\/wp-content\/uploads\/2025\/02\/59A1934-300x214.jpg 300w, https:\/\/dev.horlewire.com\/wp-content\/uploads\/2025\/02\/59A1934-768x548.jpg 768w, https:\/\/dev.horlewire.com\/wp-content\/uploads\/2025\/02\/59A1934-1536x1095.jpg 1536w, https:\/\/dev.horlewire.com\/wp-content\/uploads\/2025\/02\/59A1934-2048x1460.jpg 2048w, https:\/\/dev.horlewire.com\/wp-content\/uploads\/2025\/02\/59A1934-1500x1069.jpg 1500w, https:\/\/dev.horlewire.com\/wp-content\/uploads\/2025\/02\/59A1934-260x185.jpg 260w, https:\/\/dev.horlewire.com\/wp-content\/uploads\/2025\/02\/59A1934-705x503.jpg 705w\" sizes=\"(max-width: 1030px) 100vw, 1030px\" \/><\/div><\/div><\/div><\/div><div class='av-flex-placeholder'><\/div><div class='flex_column av-av_one_half-26e3fca0ee1ada7b61b4eda09e4c21f9 av_one_half  avia-builder-el-26  el_after_av_one_half  avia-builder-el-last  contact-form-prodlist-c flex_column_table_cell av-equal-height-column av-align-top column-top-margin'     ><\/div><\/div><!--close column table wrapper. Autoclose: 1 -->\n","protected":false},"excerpt":{"rendered":"","protected":false},"author":1,"featured_media":0,"parent":0,"menu_order":0,"comment_status":"closed","ping_status":"closed","template":"","meta":{"_acf_changed":false,"footnotes":""},"class_list":["post-5051","page","type-page","status-publish","hentry"],"acf":[],"yoast_head":"<!-- This site is optimized with the Yoast SEO plugin v25.0 - https:\/\/yoast.com\/wordpress\/plugins\/seo\/ -->\n<title>H\u00f6rle Wire AB | Tillverkning &amp; f\u00f6r\u00e4dling av st\u00e5ltr\u00e5d | Om oss<\/title>\n<meta name=\"description\" content=\"H\u00f6rle Wire AB tillverkar och f\u00f6r\u00e4dlar st\u00e5ltr\u00e5d. Bred erfarenhet, effektiva material- och produktionsfl\u00f6den g\u00f6r oss en kostnadseffektiv och n\u00e4rvarande partner. Kontakta oss!\" \/>\n<meta name=\"robots\" content=\"index, follow, max-snippet:-1, max-image-preview:large, max-video-preview:-1\" \/>\n<link rel=\"canonical\" href=\"https:\/\/dev.horlewire.com\/de\/was-wir-machen\/\" \/>\n<meta property=\"og:locale\" content=\"de_DE\" \/>\n<meta property=\"og:type\" content=\"article\" \/>\n<meta property=\"og:title\" content=\"H\u00f6rle Wire AB | Tillverkning &amp; f\u00f6r\u00e4dling av st\u00e5ltr\u00e5d | Om oss\" \/>\n<meta property=\"og:description\" content=\"H\u00f6rle Wire AB tillverkar och f\u00f6r\u00e4dlar st\u00e5ltr\u00e5d. Bred erfarenhet, effektiva material- och produktionsfl\u00f6den g\u00f6r oss en kostnadseffektiv och n\u00e4rvarande partner. Kontakta oss!\" \/>\n<meta property=\"og:url\" content=\"https:\/\/dev.horlewire.com\/de\/was-wir-machen\/\" \/>\n<meta property=\"og:site_name\" content=\"H\u00f6rle Wire\" \/>\n<meta property=\"article:modified_time\" content=\"2025-02-24T16:01:55+00:00\" \/>\n<meta name=\"twitter:card\" content=\"summary_large_image\" \/>\n<meta name=\"twitter:label1\" content=\"Gesch\u00e4tzte Lesezeit\" \/>\n\t<meta name=\"twitter:data1\" content=\"2\u00a0Minuten\" \/>\n<script type=\"application\/ld+json\" class=\"yoast-schema-graph\">{\"@context\":\"https:\/\/schema.org\",\"@graph\":[{\"@type\":\"WebPage\",\"@id\":\"https:\/\/dev.horlewire.com\/de\/was-wir-machen\/\",\"url\":\"https:\/\/dev.horlewire.com\/de\/was-wir-machen\/\",\"name\":\"H\u00f6rle Wire AB | Tillverkning & f\u00f6r\u00e4dling av st\u00e5ltr\u00e5d | Om oss\",\"isPartOf\":{\"@id\":\"https:\/\/dev.horlewire.com\/en\/#website\"},\"datePublished\":\"2024-12-20T09:01:59+00:00\",\"dateModified\":\"2025-02-24T16:01:55+00:00\",\"description\":\"H\u00f6rle Wire AB tillverkar och f\u00f6r\u00e4dlar st\u00e5ltr\u00e5d. Bred erfarenhet, effektiva material- och produktionsfl\u00f6den g\u00f6r oss en kostnadseffektiv och n\u00e4rvarande partner. Kontakta oss!\",\"breadcrumb\":{\"@id\":\"https:\/\/dev.horlewire.com\/de\/was-wir-machen\/#breadcrumb\"},\"inLanguage\":\"de\",\"potentialAction\":[{\"@type\":\"ReadAction\",\"target\":[\"https:\/\/dev.horlewire.com\/de\/was-wir-machen\/\"]}]},{\"@type\":\"BreadcrumbList\",\"@id\":\"https:\/\/dev.horlewire.com\/de\/was-wir-machen\/#breadcrumb\",\"itemListElement\":[{\"@type\":\"ListItem\",\"position\":1,\"name\":\"Hem\",\"item\":\"https:\/\/dev.horlewire.com\/de\/\"},{\"@type\":\"ListItem\",\"position\":2,\"name\":\"Was wir machen\"}]},{\"@type\":\"WebSite\",\"@id\":\"https:\/\/dev.horlewire.com\/en\/#website\",\"url\":\"https:\/\/dev.horlewire.com\/en\/\",\"name\":\"H\u00f6rle Wire\",\"description\":\"Welcome to H\u00f6rle Wire Group\",\"potentialAction\":[{\"@type\":\"SearchAction\",\"target\":{\"@type\":\"EntryPoint\",\"urlTemplate\":\"https:\/\/dev.horlewire.com\/en\/?s={search_term_string}\"},\"query-input\":{\"@type\":\"PropertyValueSpecification\",\"valueRequired\":true,\"valueName\":\"search_term_string\"}}],\"inLanguage\":\"de\"}]}<\/script>\n<!-- \/ Yoast SEO plugin. -->","yoast_head_json":{"title":"H\u00f6rle Wire AB | Tillverkning & f\u00f6r\u00e4dling av st\u00e5ltr\u00e5d | Om oss","description":"H\u00f6rle Wire AB tillverkar och f\u00f6r\u00e4dlar st\u00e5ltr\u00e5d. Bred erfarenhet, effektiva material- och produktionsfl\u00f6den g\u00f6r oss en kostnadseffektiv och n\u00e4rvarande partner. Kontakta oss!","robots":{"index":"index","follow":"follow","max-snippet":"max-snippet:-1","max-image-preview":"max-image-preview:large","max-video-preview":"max-video-preview:-1"},"canonical":"https:\/\/dev.horlewire.com\/de\/was-wir-machen\/","og_locale":"de_DE","og_type":"article","og_title":"H\u00f6rle Wire AB | Tillverkning & f\u00f6r\u00e4dling av st\u00e5ltr\u00e5d | Om oss","og_description":"H\u00f6rle Wire AB tillverkar och f\u00f6r\u00e4dlar st\u00e5ltr\u00e5d. Bred erfarenhet, effektiva material- och produktionsfl\u00f6den g\u00f6r oss en kostnadseffektiv och n\u00e4rvarande partner. Kontakta oss!","og_url":"https:\/\/dev.horlewire.com\/de\/was-wir-machen\/","og_site_name":"H\u00f6rle Wire","article_modified_time":"2025-02-24T16:01:55+00:00","twitter_card":"summary_large_image","twitter_misc":{"Gesch\u00e4tzte Lesezeit":"2\u00a0Minuten"},"schema":{"@context":"https:\/\/schema.org","@graph":[{"@type":"WebPage","@id":"https:\/\/dev.horlewire.com\/de\/was-wir-machen\/","url":"https:\/\/dev.horlewire.com\/de\/was-wir-machen\/","name":"H\u00f6rle Wire AB | Tillverkning & f\u00f6r\u00e4dling av st\u00e5ltr\u00e5d | Om oss","isPartOf":{"@id":"https:\/\/dev.horlewire.com\/en\/#website"},"datePublished":"2024-12-20T09:01:59+00:00","dateModified":"2025-02-24T16:01:55+00:00","description":"H\u00f6rle Wire AB tillverkar och f\u00f6r\u00e4dlar st\u00e5ltr\u00e5d. Bred erfarenhet, effektiva material- och produktionsfl\u00f6den g\u00f6r oss en kostnadseffektiv och n\u00e4rvarande partner. Kontakta oss!","breadcrumb":{"@id":"https:\/\/dev.horlewire.com\/de\/was-wir-machen\/#breadcrumb"},"inLanguage":"de","potentialAction":[{"@type":"ReadAction","target":["https:\/\/dev.horlewire.com\/de\/was-wir-machen\/"]}]},{"@type":"BreadcrumbList","@id":"https:\/\/dev.horlewire.com\/de\/was-wir-machen\/#breadcrumb","itemListElement":[{"@type":"ListItem","position":1,"name":"Hem","item":"https:\/\/dev.horlewire.com\/de\/"},{"@type":"ListItem","position":2,"name":"Was wir machen"}]},{"@type":"WebSite","@id":"https:\/\/dev.horlewire.com\/en\/#website","url":"https:\/\/dev.horlewire.com\/en\/","name":"H\u00f6rle Wire","description":"Welcome to H\u00f6rle Wire Group","potentialAction":[{"@type":"SearchAction","target":{"@type":"EntryPoint","urlTemplate":"https:\/\/dev.horlewire.com\/en\/?s={search_term_string}"},"query-input":{"@type":"PropertyValueSpecification","valueRequired":true,"valueName":"search_term_string"}}],"inLanguage":"de"}]}},"_links":{"self":[{"href":"https:\/\/dev.horlewire.com\/de\/wp-json\/wp\/v2\/pages\/5051","targetHints":{"allow":["GET"]}}],"collection":[{"href":"https:\/\/dev.horlewire.com\/de\/wp-json\/wp\/v2\/pages"}],"about":[{"href":"https:\/\/dev.horlewire.com\/de\/wp-json\/wp\/v2\/types\/page"}],"author":[{"embeddable":true,"href":"https:\/\/dev.horlewire.com\/de\/wp-json\/wp\/v2\/users\/1"}],"replies":[{"embeddable":true,"href":"https:\/\/dev.horlewire.com\/de\/wp-json\/wp\/v2\/comments?post=5051"}],"version-history":[{"count":4,"href":"https:\/\/dev.horlewire.com\/de\/wp-json\/wp\/v2\/pages\/5051\/revisions"}],"predecessor-version":[{"id":6013,"href":"https:\/\/dev.horlewire.com\/de\/wp-json\/wp\/v2\/pages\/5051\/revisions\/6013"}],"wp:attachment":[{"href":"https:\/\/dev.horlewire.com\/de\/wp-json\/wp\/v2\/media?parent=5051"}],"curies":[{"name":"wp","href":"https:\/\/api.w.org\/{rel}","templated":true}]}}