{"id":4791,"date":"2025-01-08T13:14:00","date_gmt":"2025-01-08T13:14:00","guid":{"rendered":"https:\/\/dev.horlewire.com\/produkte\/plattvalsad-trad-riktad-kapad\/"},"modified":"2025-02-17T09:18:54","modified_gmt":"2025-02-17T09:18:54","slug":"flachdraht-gerichtet-und-geschnitten","status":"publish","type":"page","link":"https:\/\/dev.horlewire.com\/de\/produkte\/flachdraht-gerichtet-und-geschnitten\/","title":{"rendered":"Flachdraht, gerichtet und geschnitten"},"content":{"rendered":"<p><strong>Verpackung<\/strong><br \/>\nin L\u00e4ngen, gerichtet und geschnitten, von 100 bis 5500 mm<\/p>\n<p><strong>Oberfl\u00e4che<\/strong><br \/>\nGewalzt, gegl\u00fcht, verzinkt<\/p>\n<p><strong>Form<\/strong><br \/>\n4, 6, D Kant Profile<\/p>\n<p><strong>Kanten<\/strong><br \/>\nGerade, abgerundet<\/p>\n<p><strong>Technische Lieferbedingungen<\/strong><br \/>\nEN 10244-2, EN 10139, EN 10021, EN 10152<\/p>\n","protected":false},"excerpt":{"rendered":"<p>Verpackung in L\u00e4ngen, gerichtet und geschnitten, von 100 bis 5500 mm Oberfl\u00e4che Gewalzt, gegl\u00fcht, verzinkt Form 4, 6, D Kant Profile Kanten Gerade, abgerundet Technische Lieferbedingungen EN 10244-2, EN 10139, EN 10021, EN 10152<\/p>\n","protected":false},"author":3,"featured_media":4122,"parent":4728,"menu_order":0,"comment_status":"closed","ping_status":"closed","template":"","meta":{"_acf_changed":false,"footnotes":""},"class_list":["post-4791","page","type-page","status-publish","has-post-thumbnail","hentry"],"acf":[],"yoast_head":"<!-- This site is optimized with the Yoast SEO plugin v25.0 - https:\/\/yoast.com\/wordpress\/plugins\/seo\/ -->\n<title>Flachdraht, gerichtet und geschnitten - H\u00f6rle Wire<\/title>\n<meta name=\"robots\" content=\"index, follow, max-snippet:-1, max-image-preview:large, max-video-preview:-1\" \/>\n<link rel=\"canonical\" href=\"https:\/\/dev.horlewire.com\/de\/produkte\/flachdraht-gerichtet-und-geschnitten\/\" \/>\n<meta property=\"og:locale\" content=\"de_DE\" \/>\n<meta property=\"og:type\" content=\"article\" \/>\n<meta property=\"og:title\" content=\"Flachdraht, gerichtet und geschnitten - H\u00f6rle Wire\" \/>\n<meta property=\"og:description\" content=\"Verpackung in L\u00e4ngen, gerichtet und geschnitten, von 100 bis 5500 mm Oberfl\u00e4che Gewalzt, gegl\u00fcht, verzinkt Form 4, 6, D Kant Profile Kanten Gerade, abgerundet Technische Lieferbedingungen EN 10244-2, EN 10139, EN 10021, EN 10152\" \/>\n<meta property=\"og:url\" content=\"https:\/\/dev.horlewire.com\/de\/produkte\/flachdraht-gerichtet-und-geschnitten\/\" \/>\n<meta property=\"og:site_name\" content=\"H\u00f6rle Wire\" \/>\n<meta property=\"article:modified_time\" content=\"2025-02-17T09:18:54+00:00\" \/>\n<meta property=\"og:image\" content=\"https:\/\/dev.horlewire.com\/wp-content\/uploads\/2025\/01\/plattvalsad-trad-riktad-kapad.jpg\" \/>\n\t<meta property=\"og:image:width\" content=\"1200\" \/>\n\t<meta property=\"og:image:height\" content=\"978\" \/>\n\t<meta property=\"og:image:type\" content=\"image\/jpeg\" \/>\n<meta name=\"twitter:card\" content=\"summary_large_image\" \/>\n<meta name=\"twitter:label1\" content=\"Gesch\u00e4tzte Lesezeit\" \/>\n\t<meta name=\"twitter:data1\" content=\"1\u00a0Minute\" \/>\n<script type=\"application\/ld+json\" class=\"yoast-schema-graph\">{\"@context\":\"https:\/\/schema.org\",\"@graph\":[{\"@type\":\"WebPage\",\"@id\":\"https:\/\/dev.horlewire.com\/de\/produkte\/flachdraht-gerichtet-und-geschnitten\/\",\"url\":\"https:\/\/dev.horlewire.com\/de\/produkte\/flachdraht-gerichtet-und-geschnitten\/\",\"name\":\"Flachdraht, gerichtet und geschnitten - H\u00f6rle Wire\",\"isPartOf\":{\"@id\":\"https:\/\/dev.horlewire.com\/en\/#website\"},\"primaryImageOfPage\":{\"@id\":\"https:\/\/dev.horlewire.com\/de\/produkte\/flachdraht-gerichtet-und-geschnitten\/#primaryimage\"},\"image\":{\"@id\":\"https:\/\/dev.horlewire.com\/de\/produkte\/flachdraht-gerichtet-und-geschnitten\/#primaryimage\"},\"thumbnailUrl\":\"https:\/\/dev.horlewire.com\/wp-content\/uploads\/2025\/01\/plattvalsad-trad-riktad-kapad.jpg\",\"datePublished\":\"2025-01-08T13:14:00+00:00\",\"dateModified\":\"2025-02-17T09:18:54+00:00\",\"breadcrumb\":{\"@id\":\"https:\/\/dev.horlewire.com\/de\/produkte\/flachdraht-gerichtet-und-geschnitten\/#breadcrumb\"},\"inLanguage\":\"de\",\"potentialAction\":[{\"@type\":\"ReadAction\",\"target\":[\"https:\/\/dev.horlewire.com\/de\/produkte\/flachdraht-gerichtet-und-geschnitten\/\"]}]},{\"@type\":\"ImageObject\",\"inLanguage\":\"de\",\"@id\":\"https:\/\/dev.horlewire.com\/de\/produkte\/flachdraht-gerichtet-und-geschnitten\/#primaryimage\",\"url\":\"https:\/\/dev.horlewire.com\/wp-content\/uploads\/2025\/01\/plattvalsad-trad-riktad-kapad.jpg\",\"contentUrl\":\"https:\/\/dev.horlewire.com\/wp-content\/uploads\/2025\/01\/plattvalsad-trad-riktad-kapad.jpg\",\"width\":1200,\"height\":978},{\"@type\":\"BreadcrumbList\",\"@id\":\"https:\/\/dev.horlewire.com\/de\/produkte\/flachdraht-gerichtet-und-geschnitten\/#breadcrumb\",\"itemListElement\":[{\"@type\":\"ListItem\",\"position\":1,\"name\":\"Hem\",\"item\":\"https:\/\/dev.horlewire.com\/de\/\"},{\"@type\":\"ListItem\",\"position\":2,\"name\":\"Produkte\",\"item\":\"https:\/\/dev.horlewire.com\/de\/produkte\/\"},{\"@type\":\"ListItem\",\"position\":3,\"name\":\"Flachdraht, gerichtet und geschnitten\"}]},{\"@type\":\"WebSite\",\"@id\":\"https:\/\/dev.horlewire.com\/en\/#website\",\"url\":\"https:\/\/dev.horlewire.com\/en\/\",\"name\":\"H\u00f6rle Wire\",\"description\":\"Welcome to H\u00f6rle Wire Group\",\"potentialAction\":[{\"@type\":\"SearchAction\",\"target\":{\"@type\":\"EntryPoint\",\"urlTemplate\":\"https:\/\/dev.horlewire.com\/en\/?s={search_term_string}\"},\"query-input\":{\"@type\":\"PropertyValueSpecification\",\"valueRequired\":true,\"valueName\":\"search_term_string\"}}],\"inLanguage\":\"de\"}]}<\/script>\n<!-- \/ Yoast SEO plugin. -->","yoast_head_json":{"title":"Flachdraht, gerichtet und geschnitten - H\u00f6rle Wire","robots":{"index":"index","follow":"follow","max-snippet":"max-snippet:-1","max-image-preview":"max-image-preview:large","max-video-preview":"max-video-preview:-1"},"canonical":"https:\/\/dev.horlewire.com\/de\/produkte\/flachdraht-gerichtet-und-geschnitten\/","og_locale":"de_DE","og_type":"article","og_title":"Flachdraht, gerichtet und geschnitten - H\u00f6rle Wire","og_description":"Verpackung in L\u00e4ngen, gerichtet und geschnitten, von 100 bis 5500 mm Oberfl\u00e4che Gewalzt, gegl\u00fcht, verzinkt Form 4, 6, D Kant Profile Kanten Gerade, abgerundet Technische Lieferbedingungen EN 10244-2, EN 10139, EN 10021, EN 10152","og_url":"https:\/\/dev.horlewire.com\/de\/produkte\/flachdraht-gerichtet-und-geschnitten\/","og_site_name":"H\u00f6rle Wire","article_modified_time":"2025-02-17T09:18:54+00:00","og_image":[{"width":1200,"height":978,"url":"https:\/\/dev.horlewire.com\/wp-content\/uploads\/2025\/01\/plattvalsad-trad-riktad-kapad.jpg","type":"image\/jpeg"}],"twitter_card":"summary_large_image","twitter_misc":{"Gesch\u00e4tzte Lesezeit":"1\u00a0Minute"},"schema":{"@context":"https:\/\/schema.org","@graph":[{"@type":"WebPage","@id":"https:\/\/dev.horlewire.com\/de\/produkte\/flachdraht-gerichtet-und-geschnitten\/","url":"https:\/\/dev.horlewire.com\/de\/produkte\/flachdraht-gerichtet-und-geschnitten\/","name":"Flachdraht, gerichtet und geschnitten - H\u00f6rle Wire","isPartOf":{"@id":"https:\/\/dev.horlewire.com\/en\/#website"},"primaryImageOfPage":{"@id":"https:\/\/dev.horlewire.com\/de\/produkte\/flachdraht-gerichtet-und-geschnitten\/#primaryimage"},"image":{"@id":"https:\/\/dev.horlewire.com\/de\/produkte\/flachdraht-gerichtet-und-geschnitten\/#primaryimage"},"thumbnailUrl":"https:\/\/dev.horlewire.com\/wp-content\/uploads\/2025\/01\/plattvalsad-trad-riktad-kapad.jpg","datePublished":"2025-01-08T13:14:00+00:00","dateModified":"2025-02-17T09:18:54+00:00","breadcrumb":{"@id":"https:\/\/dev.horlewire.com\/de\/produkte\/flachdraht-gerichtet-und-geschnitten\/#breadcrumb"},"inLanguage":"de","potentialAction":[{"@type":"ReadAction","target":["https:\/\/dev.horlewire.com\/de\/produkte\/flachdraht-gerichtet-und-geschnitten\/"]}]},{"@type":"ImageObject","inLanguage":"de","@id":"https:\/\/dev.horlewire.com\/de\/produkte\/flachdraht-gerichtet-und-geschnitten\/#primaryimage","url":"https:\/\/dev.horlewire.com\/wp-content\/uploads\/2025\/01\/plattvalsad-trad-riktad-kapad.jpg","contentUrl":"https:\/\/dev.horlewire.com\/wp-content\/uploads\/2025\/01\/plattvalsad-trad-riktad-kapad.jpg","width":1200,"height":978},{"@type":"BreadcrumbList","@id":"https:\/\/dev.horlewire.com\/de\/produkte\/flachdraht-gerichtet-und-geschnitten\/#breadcrumb","itemListElement":[{"@type":"ListItem","position":1,"name":"Hem","item":"https:\/\/dev.horlewire.com\/de\/"},{"@type":"ListItem","position":2,"name":"Produkte","item":"https:\/\/dev.horlewire.com\/de\/produkte\/"},{"@type":"ListItem","position":3,"name":"Flachdraht, gerichtet und geschnitten"}]},{"@type":"WebSite","@id":"https:\/\/dev.horlewire.com\/en\/#website","url":"https:\/\/dev.horlewire.com\/en\/","name":"H\u00f6rle Wire","description":"Welcome to H\u00f6rle Wire Group","potentialAction":[{"@type":"SearchAction","target":{"@type":"EntryPoint","urlTemplate":"https:\/\/dev.horlewire.com\/en\/?s={search_term_string}"},"query-input":{"@type":"PropertyValueSpecification","valueRequired":true,"valueName":"search_term_string"}}],"inLanguage":"de"}]}},"_links":{"self":[{"href":"https:\/\/dev.horlewire.com\/de\/wp-json\/wp\/v2\/pages\/4791","targetHints":{"allow":["GET"]}}],"collection":[{"href":"https:\/\/dev.horlewire.com\/de\/wp-json\/wp\/v2\/pages"}],"about":[{"href":"https:\/\/dev.horlewire.com\/de\/wp-json\/wp\/v2\/types\/page"}],"author":[{"embeddable":true,"href":"https:\/\/dev.horlewire.com\/de\/wp-json\/wp\/v2\/users\/3"}],"replies":[{"embeddable":true,"href":"https:\/\/dev.horlewire.com\/de\/wp-json\/wp\/v2\/comments?post=4791"}],"version-history":[{"count":5,"href":"https:\/\/dev.horlewire.com\/de\/wp-json\/wp\/v2\/pages\/4791\/revisions"}],"predecessor-version":[{"id":5639,"href":"https:\/\/dev.horlewire.com\/de\/wp-json\/wp\/v2\/pages\/4791\/revisions\/5639"}],"up":[{"embeddable":true,"href":"https:\/\/dev.horlewire.com\/de\/wp-json\/wp\/v2\/pages\/4728"}],"wp:featuredmedia":[{"embeddable":true,"href":"https:\/\/dev.horlewire.com\/de\/wp-json\/wp\/v2\/media\/4122"}],"wp:attachment":[{"href":"https:\/\/dev.horlewire.com\/de\/wp-json\/wp\/v2\/media?parent=4791"}],"curies":[{"name":"wp","href":"https:\/\/api.w.org\/{rel}","templated":true}]}}