{"id":4789,"date":"2025-01-08T13:05:01","date_gmt":"2025-01-08T13:05:01","guid":{"rendered":"https:\/\/dev.horlewire.com\/produkte\/plattvalsad-trad\/"},"modified":"2025-02-27T13:48:15","modified_gmt":"2025-02-27T13:48:15","slug":"flachdraht-schmalband","status":"publish","type":"page","link":"https:\/\/dev.horlewire.com\/de\/produkte\/flachdraht-schmalband\/","title":{"rendered":"Flachdraht\/Schmalband"},"content":{"rendered":"<p><strong>Lieferform<\/strong><br \/>\nGespulte Ringe (bis zu 2500 kg)<br \/>\nEinschichtige Ringe (ab 15 mm Breite)<br \/>\nSt\u00e4be (bis 6300 mm L\u00e4nge)<\/p>\n<p><strong> Abmessungsbereiche <\/strong><br \/>\nDicke: min 0,90 mm \u2013 max 9,00 mm.<br \/>\nBreite: min 5,00 mm \u2013 max 35,00 mm.<\/p>\n<p><strong> Prozess <\/strong><br \/>\nHart gewalzt, gegl\u00fcht, feuerverzinkt, elektrolytisch verzinkt, Zn\/Al<\/p>\n<p><strong> Besonderheiten <\/strong><br \/>\nFlachdraht Aluminium, Profile nach Zeichnung, Eddy Current Test<\/p>\n<p><strong> Kanten <\/strong><br \/>\nScharf, leicht gebrochen, halbrund, rund, schr\u00e4ge Kante<\/p>\n<p><strong> Geltende Normen <\/strong><br \/>\nEN 10139, EN 10140, EN 10278<\/p>\n","protected":false},"excerpt":{"rendered":"<p>Lieferform Gespulte Ringe (bis zu 2500 kg) Einschichtige Ringe (ab 15 mm Breite) St\u00e4be (bis 6300 mm L\u00e4nge) Abmessungsbereiche Dicke: min 0,90 mm \u2013 max 9,00 mm. Breite: min 5,00 mm \u2013 max 35,00 mm. Prozess Hart gewalzt, gegl\u00fcht, feuerverzinkt, elektrolytisch verzinkt, Zn\/Al Besonderheiten Flachdraht Aluminium, Profile nach Zeichnung, Eddy Current Test Kanten Scharf, leicht &#8230;<\/p>\n","protected":false},"author":3,"featured_media":4118,"parent":4728,"menu_order":0,"comment_status":"closed","ping_status":"closed","template":"","meta":{"_acf_changed":false,"footnotes":""},"class_list":["post-4789","page","type-page","status-publish","has-post-thumbnail","hentry"],"acf":[],"yoast_head":"<!-- This site is optimized with the Yoast SEO plugin v25.0 - https:\/\/yoast.com\/wordpress\/plugins\/seo\/ -->\n<title>Flachdraht\/Schmalband - H\u00f6rle Wire<\/title>\n<meta name=\"robots\" content=\"index, follow, max-snippet:-1, max-image-preview:large, max-video-preview:-1\" \/>\n<link rel=\"canonical\" href=\"https:\/\/dev.horlewire.com\/de\/produkte\/flachdraht-schmalband\/\" \/>\n<meta property=\"og:locale\" content=\"de_DE\" \/>\n<meta property=\"og:type\" content=\"article\" \/>\n<meta property=\"og:title\" content=\"Flachdraht\/Schmalband - H\u00f6rle Wire\" \/>\n<meta property=\"og:description\" content=\"Lieferform Gespulte Ringe (bis zu 2500 kg) Einschichtige Ringe (ab 15 mm Breite) St\u00e4be (bis 6300 mm L\u00e4nge) Abmessungsbereiche Dicke: min 0,90 mm \u2013 max 9,00 mm. Breite: min 5,00 mm \u2013 max 35,00 mm. Prozess Hart gewalzt, gegl\u00fcht, feuerverzinkt, elektrolytisch verzinkt, Zn\/Al Besonderheiten Flachdraht Aluminium, Profile nach Zeichnung, Eddy Current Test Kanten Scharf, leicht ...\" \/>\n<meta property=\"og:url\" content=\"https:\/\/dev.horlewire.com\/de\/produkte\/flachdraht-schmalband\/\" \/>\n<meta property=\"og:site_name\" content=\"H\u00f6rle Wire\" \/>\n<meta property=\"article:modified_time\" content=\"2025-02-27T13:48:15+00:00\" \/>\n<meta property=\"og:image\" content=\"https:\/\/dev.horlewire.com\/wp-content\/uploads\/2025\/01\/plattvalsad-trad.jpg\" \/>\n\t<meta property=\"og:image:width\" content=\"1200\" \/>\n\t<meta property=\"og:image:height\" content=\"978\" \/>\n\t<meta property=\"og:image:type\" content=\"image\/jpeg\" \/>\n<meta name=\"twitter:card\" content=\"summary_large_image\" \/>\n<meta name=\"twitter:label1\" content=\"Gesch\u00e4tzte Lesezeit\" \/>\n\t<meta name=\"twitter:data1\" content=\"1\u00a0Minute\" \/>\n<script type=\"application\/ld+json\" class=\"yoast-schema-graph\">{\"@context\":\"https:\/\/schema.org\",\"@graph\":[{\"@type\":\"WebPage\",\"@id\":\"https:\/\/dev.horlewire.com\/de\/produkte\/flachdraht-schmalband\/\",\"url\":\"https:\/\/dev.horlewire.com\/de\/produkte\/flachdraht-schmalband\/\",\"name\":\"Flachdraht\/Schmalband - H\u00f6rle Wire\",\"isPartOf\":{\"@id\":\"https:\/\/dev.horlewire.com\/en\/#website\"},\"primaryImageOfPage\":{\"@id\":\"https:\/\/dev.horlewire.com\/de\/produkte\/flachdraht-schmalband\/#primaryimage\"},\"image\":{\"@id\":\"https:\/\/dev.horlewire.com\/de\/produkte\/flachdraht-schmalband\/#primaryimage\"},\"thumbnailUrl\":\"https:\/\/dev.horlewire.com\/wp-content\/uploads\/2025\/01\/plattvalsad-trad.jpg\",\"datePublished\":\"2025-01-08T13:05:01+00:00\",\"dateModified\":\"2025-02-27T13:48:15+00:00\",\"breadcrumb\":{\"@id\":\"https:\/\/dev.horlewire.com\/de\/produkte\/flachdraht-schmalband\/#breadcrumb\"},\"inLanguage\":\"de\",\"potentialAction\":[{\"@type\":\"ReadAction\",\"target\":[\"https:\/\/dev.horlewire.com\/de\/produkte\/flachdraht-schmalband\/\"]}]},{\"@type\":\"ImageObject\",\"inLanguage\":\"de\",\"@id\":\"https:\/\/dev.horlewire.com\/de\/produkte\/flachdraht-schmalband\/#primaryimage\",\"url\":\"https:\/\/dev.horlewire.com\/wp-content\/uploads\/2025\/01\/plattvalsad-trad.jpg\",\"contentUrl\":\"https:\/\/dev.horlewire.com\/wp-content\/uploads\/2025\/01\/plattvalsad-trad.jpg\",\"width\":1200,\"height\":978},{\"@type\":\"BreadcrumbList\",\"@id\":\"https:\/\/dev.horlewire.com\/de\/produkte\/flachdraht-schmalband\/#breadcrumb\",\"itemListElement\":[{\"@type\":\"ListItem\",\"position\":1,\"name\":\"Hem\",\"item\":\"https:\/\/dev.horlewire.com\/de\/\"},{\"@type\":\"ListItem\",\"position\":2,\"name\":\"Produkte\",\"item\":\"https:\/\/dev.horlewire.com\/de\/produkte\/\"},{\"@type\":\"ListItem\",\"position\":3,\"name\":\"Flachdraht\/Schmalband\"}]},{\"@type\":\"WebSite\",\"@id\":\"https:\/\/dev.horlewire.com\/en\/#website\",\"url\":\"https:\/\/dev.horlewire.com\/en\/\",\"name\":\"H\u00f6rle Wire\",\"description\":\"Welcome to H\u00f6rle Wire Group\",\"potentialAction\":[{\"@type\":\"SearchAction\",\"target\":{\"@type\":\"EntryPoint\",\"urlTemplate\":\"https:\/\/dev.horlewire.com\/en\/?s={search_term_string}\"},\"query-input\":{\"@type\":\"PropertyValueSpecification\",\"valueRequired\":true,\"valueName\":\"search_term_string\"}}],\"inLanguage\":\"de\"}]}<\/script>\n<!-- \/ Yoast SEO plugin. -->","yoast_head_json":{"title":"Flachdraht\/Schmalband - H\u00f6rle Wire","robots":{"index":"index","follow":"follow","max-snippet":"max-snippet:-1","max-image-preview":"max-image-preview:large","max-video-preview":"max-video-preview:-1"},"canonical":"https:\/\/dev.horlewire.com\/de\/produkte\/flachdraht-schmalband\/","og_locale":"de_DE","og_type":"article","og_title":"Flachdraht\/Schmalband - H\u00f6rle Wire","og_description":"Lieferform Gespulte Ringe (bis zu 2500 kg) Einschichtige Ringe (ab 15 mm Breite) St\u00e4be (bis 6300 mm L\u00e4nge) Abmessungsbereiche Dicke: min 0,90 mm \u2013 max 9,00 mm. Breite: min 5,00 mm \u2013 max 35,00 mm. Prozess Hart gewalzt, gegl\u00fcht, feuerverzinkt, elektrolytisch verzinkt, Zn\/Al Besonderheiten Flachdraht Aluminium, Profile nach Zeichnung, Eddy Current Test Kanten Scharf, leicht ...","og_url":"https:\/\/dev.horlewire.com\/de\/produkte\/flachdraht-schmalband\/","og_site_name":"H\u00f6rle Wire","article_modified_time":"2025-02-27T13:48:15+00:00","og_image":[{"width":1200,"height":978,"url":"https:\/\/dev.horlewire.com\/wp-content\/uploads\/2025\/01\/plattvalsad-trad.jpg","type":"image\/jpeg"}],"twitter_card":"summary_large_image","twitter_misc":{"Gesch\u00e4tzte Lesezeit":"1\u00a0Minute"},"schema":{"@context":"https:\/\/schema.org","@graph":[{"@type":"WebPage","@id":"https:\/\/dev.horlewire.com\/de\/produkte\/flachdraht-schmalband\/","url":"https:\/\/dev.horlewire.com\/de\/produkte\/flachdraht-schmalband\/","name":"Flachdraht\/Schmalband - H\u00f6rle Wire","isPartOf":{"@id":"https:\/\/dev.horlewire.com\/en\/#website"},"primaryImageOfPage":{"@id":"https:\/\/dev.horlewire.com\/de\/produkte\/flachdraht-schmalband\/#primaryimage"},"image":{"@id":"https:\/\/dev.horlewire.com\/de\/produkte\/flachdraht-schmalband\/#primaryimage"},"thumbnailUrl":"https:\/\/dev.horlewire.com\/wp-content\/uploads\/2025\/01\/plattvalsad-trad.jpg","datePublished":"2025-01-08T13:05:01+00:00","dateModified":"2025-02-27T13:48:15+00:00","breadcrumb":{"@id":"https:\/\/dev.horlewire.com\/de\/produkte\/flachdraht-schmalband\/#breadcrumb"},"inLanguage":"de","potentialAction":[{"@type":"ReadAction","target":["https:\/\/dev.horlewire.com\/de\/produkte\/flachdraht-schmalband\/"]}]},{"@type":"ImageObject","inLanguage":"de","@id":"https:\/\/dev.horlewire.com\/de\/produkte\/flachdraht-schmalband\/#primaryimage","url":"https:\/\/dev.horlewire.com\/wp-content\/uploads\/2025\/01\/plattvalsad-trad.jpg","contentUrl":"https:\/\/dev.horlewire.com\/wp-content\/uploads\/2025\/01\/plattvalsad-trad.jpg","width":1200,"height":978},{"@type":"BreadcrumbList","@id":"https:\/\/dev.horlewire.com\/de\/produkte\/flachdraht-schmalband\/#breadcrumb","itemListElement":[{"@type":"ListItem","position":1,"name":"Hem","item":"https:\/\/dev.horlewire.com\/de\/"},{"@type":"ListItem","position":2,"name":"Produkte","item":"https:\/\/dev.horlewire.com\/de\/produkte\/"},{"@type":"ListItem","position":3,"name":"Flachdraht\/Schmalband"}]},{"@type":"WebSite","@id":"https:\/\/dev.horlewire.com\/en\/#website","url":"https:\/\/dev.horlewire.com\/en\/","name":"H\u00f6rle Wire","description":"Welcome to H\u00f6rle Wire Group","potentialAction":[{"@type":"SearchAction","target":{"@type":"EntryPoint","urlTemplate":"https:\/\/dev.horlewire.com\/en\/?s={search_term_string}"},"query-input":{"@type":"PropertyValueSpecification","valueRequired":true,"valueName":"search_term_string"}}],"inLanguage":"de"}]}},"_links":{"self":[{"href":"https:\/\/dev.horlewire.com\/de\/wp-json\/wp\/v2\/pages\/4789","targetHints":{"allow":["GET"]}}],"collection":[{"href":"https:\/\/dev.horlewire.com\/de\/wp-json\/wp\/v2\/pages"}],"about":[{"href":"https:\/\/dev.horlewire.com\/de\/wp-json\/wp\/v2\/types\/page"}],"author":[{"embeddable":true,"href":"https:\/\/dev.horlewire.com\/de\/wp-json\/wp\/v2\/users\/3"}],"replies":[{"embeddable":true,"href":"https:\/\/dev.horlewire.com\/de\/wp-json\/wp\/v2\/comments?post=4789"}],"version-history":[{"count":5,"href":"https:\/\/dev.horlewire.com\/de\/wp-json\/wp\/v2\/pages\/4789\/revisions"}],"predecessor-version":[{"id":6096,"href":"https:\/\/dev.horlewire.com\/de\/wp-json\/wp\/v2\/pages\/4789\/revisions\/6096"}],"up":[{"embeddable":true,"href":"https:\/\/dev.horlewire.com\/de\/wp-json\/wp\/v2\/pages\/4728"}],"wp:featuredmedia":[{"embeddable":true,"href":"https:\/\/dev.horlewire.com\/de\/wp-json\/wp\/v2\/media\/4118"}],"wp:attachment":[{"href":"https:\/\/dev.horlewire.com\/de\/wp-json\/wp\/v2\/media?parent=4789"}],"curies":[{"name":"wp","href":"https:\/\/api.w.org\/{rel}","templated":true}]}}